{"id":129,"date":"2024-05-23T20:09:14","date_gmt":"2024-05-23T18:09:14","guid":{"rendered":"https:\/\/aspttrouen-athletisme.fr\/?page_id=129"},"modified":"2026-03-22T16:15:26","modified_gmt":"2026-03-22T15:15:26","slug":"le-club","status":"publish","type":"page","link":"https:\/\/aspttrouen-athletisme.fr\/index.php\/le-club\/","title":{"rendered":"Le club"},"content":{"rendered":"\n<h2 class=\"wp-block-heading\">Pr\u00e9sentation<\/h2>\n\n\n\n<p>La section athl\u00e9tisme de l&rsquo;ASPTT Rouen a \u00e9t\u00e9 cr\u00e9\u00e9e en 1956.<\/p>\n\n\n\n<p>Elle compte plus de 600 adh\u00e9rents et propose toutes les pratiques athl\u00e9tiques pour tous les \u00e2ges : <\/p>\n\n\n\n<p>kidi-athl\u00e9, \u00e9cole d&rsquo;athl\u00e9tisme, comp\u00e9tition des cadets jusqu&rsquo;aux masters, running-forme, trail, marche nordique, nordic&rsquo;fit, remise en forme, accueil d&rsquo;athl\u00e8tes en situation de handicap.<\/p>\n\n\n\n<p>Les activit\u00e9s de la section sont implant\u00e9es dans l&rsquo;agglom\u00e9ration rouennaise, notamment au stade de la petite Bouverie (24, all\u00e9e Pierre de Coubertin \u00e0 Rouen), au complexe Saint-Exup\u00e9ry \u00e0 Rouen, \u00e0 Canteleu au stade d&rsquo;athl\u00e9tisme ainsi qu&rsquo;\u00e0 l&rsquo;IDEFHI.<\/p>\n\n\n\n<p>Le trombinoscope du club \u00e0 consulter <strong><a href=\"https:\/\/aspttrouen-athletisme.fr\/wp-content\/uploads\/2024\/08\/TROMBINOSCOPE-SECTION-20242025.jpg\" data-type=\"link\" data-id=\"https:\/\/aspttrouen-athletisme.fr\/wp-content\/uploads\/2024\/08\/TROMBINOSCOPE-SECTION-20242025.jpg\">en cliquant ici<\/a><\/strong>.<\/p>\n\n\n\n<p>La vid\u00e9o de pr\u00e9sentation :<\/p>\n\n\n\n<figure class=\"wp-block-video\"><video height=\"1080\" style=\"aspect-ratio: 1920 \/ 1080;\" width=\"1920\" controls src=\"https:\/\/aspttrouen-athletisme.fr\/wp-content\/uploads\/2024\/09\/Clip-presentation-ASPTT-Rouen-Athletisme.mp4\"><\/video><\/figure>\n\n\n\n<h2 class=\"wp-block-heading\">Les records du club :<\/h2>\n\n\n\n<p><a href=\"https:\/\/aspttrouen-athletisme.fr\/wp-content\/uploads\/2024\/05\/Tableaux-des-records-general.pdf\" data-type=\"link\" data-id=\"https:\/\/aspttrouen-athletisme.fr\/wp-content\/uploads\/2024\/05\/Tableaux-des-records-general.pdf\" target=\"_blank\" rel=\"noreferrer noopener\"><strong><mark style=\"background-color:rgba(0, 0, 0, 0);color:#1905cd\" class=\"has-inline-color\">Les records au 31 d\u00e9cembre 2021<\/mark><\/strong><\/a><br><a href=\"https:\/\/aspttrouen-athletisme.fr\/wp-content\/uploads\/2024\/05\/Tableaux-des-records-TCF.pdf\" data-type=\"link\" data-id=\"https:\/\/aspttrouen-athletisme.fr\/wp-content\/uploads\/2024\/05\/Tableaux-des-records-TCF.pdf\" target=\"_blank\" rel=\"noreferrer noopener\"><strong><mark style=\"background-color:rgba(0, 0, 0, 0);color:#1905cd\" class=\"has-inline-color\">Top 20 femmes<\/mark><\/strong><\/a><br><a href=\"https:\/\/aspttrouen-athletisme.fr\/wp-content\/uploads\/2024\/05\/Tableaux-des-records-TCM.pdf\" data-type=\"link\" data-id=\"https:\/\/aspttrouen-athletisme.fr\/wp-content\/uploads\/2024\/05\/Tableaux-des-records-TCM.pdf\" target=\"_blank\" rel=\"noreferrer noopener\"><strong><mark style=\"background-color:rgba(0, 0, 0, 0);color:#1905cd\" class=\"has-inline-color\">Top 20 hommes<\/mark><\/strong><\/a><\/p>\n\n\n\n<h2 class=\"wp-block-heading\">Boutique club by OD RUN :<\/h2>\n\n\n\n<p class=\"has-normal-font-size\"><strong><a href=\"https:\/\/od-run.com\/pages\/boutique-du-rna\" data-type=\"link\" data-id=\"https:\/\/od-run.com\/pages\/boutique-du-rna\" target=\"_blank\" rel=\"noreferrer noopener\">Acc\u00e8s \u00e0 la boutique ici.<\/a><a href=\"https:\/\/springart.cc\/product-category\/club\/rouen-normandie-athletisme\/\"> <\/a><\/strong><\/p>\n\n\n\n<p class=\"has-medium-font-size\"><strong>Comit\u00e9 de section :<\/strong><br><a href=\"https:\/\/aspttrouen-athletisme.fr\/index.php\/comite-de-section\/\" data-type=\"page\" data-id=\"419\"><strong>Toutes les informations sont sur cette page<\/strong><\/a><\/p>\n\n\n\n<p class=\"has-medium-font-size\"><strong>Les documents statutaires :<\/strong><\/p>\n\n\n\n<p class=\"has-normal-font-size\"><a href=\"https:\/\/aspttrouen-athletisme.fr\/wp-content\/uploads\/2025\/06\/statuts-ASPTT-Rouen-maj-7-11-2024_compressed.pdf\" data-type=\"link\" data-id=\"https:\/\/aspttrouen-athletisme.fr\/wp-content\/uploads\/2025\/06\/statuts-ASPTT-Rouen-maj-7-11-2024_compressed.pdf\" target=\"_blank\" rel=\"noreferrer noopener\"><strong>Statuts<\/strong><\/a><\/p>\n\n\n\n<p class=\"has-normal-font-size\"><a href=\"https:\/\/aspttrouen-athletisme.fr\/wp-content\/uploads\/2025\/06\/Reglement-interieur-VF.pdf\" data-type=\"link\" data-id=\"https:\/\/aspttrouen-athletisme.fr\/wp-content\/uploads\/2025\/06\/Reglement-interieur-VF.pdf\" target=\"_blank\" rel=\"noreferrer noopener\"><strong>R\u00e8glement int\u00e9rieur<\/strong><\/a><\/p>\n\n\n\n<p class=\"has-normal-font-size\"><a href=\"https:\/\/aspttrouen-athletisme.fr\/wp-content\/uploads\/2025\/06\/Reglement-disciplinaire-VF.pdf\" data-type=\"link\" data-id=\"https:\/\/aspttrouen-athletisme.fr\/wp-content\/uploads\/2025\/06\/Reglement-disciplinaire-VF.pdf\"><strong>R\u00e8glement disciplinaire<\/strong><\/a><\/p>\n\n\n\n<p class=\"has-medium-font-size\"><strong>Charte financi\u00e8re :<\/strong><\/p>\n\n\n\n<p><a href=\"https:\/\/aspttrouen-athletisme.fr\/wp-content\/uploads\/2025\/07\/Charte-financiere-ASPTTRNA-2025.docx.pdf\" data-type=\"link\" data-id=\"https:\/\/aspttrouen-athletisme.fr\/wp-content\/uploads\/2025\/07\/Charte-financiere-ASPTTRNA-2025.docx.pdf\" target=\"_blank\" rel=\"noreferrer noopener\"><mark style=\"background-color:rgba(0, 0, 0, 0)\" class=\"has-inline-color has-accent-color\"><strong>Charte financi\u00e8re 2025<\/strong><\/mark><\/a><\/p>\n","protected":false},"excerpt":{"rendered":"<p>Pr\u00e9sentation La section athl\u00e9tisme de l&rsquo;ASPTT Rouen a \u00e9t\u00e9 cr\u00e9\u00e9e en 1956. Elle compte plus de 600 adh\u00e9rents et propose toutes les pratiques athl\u00e9tiques pour tous les \u00e2ges : kidi-athl\u00e9,&#8230;<\/p>\n","protected":false},"author":1,"featured_media":0,"parent":0,"menu_order":0,"comment_status":"closed","ping_status":"closed","template":"","meta":{"footnotes":""},"folder":[],"class_list":["post-129","page","type-page","status-publish","hentry"],"_links":{"self":[{"href":"https:\/\/aspttrouen-athletisme.fr\/index.php\/wp-json\/wp\/v2\/pages\/129","targetHints":{"allow":["GET"]}}],"collection":[{"href":"https:\/\/aspttrouen-athletisme.fr\/index.php\/wp-json\/wp\/v2\/pages"}],"about":[{"href":"https:\/\/aspttrouen-athletisme.fr\/index.php\/wp-json\/wp\/v2\/types\/page"}],"author":[{"embeddable":true,"href":"https:\/\/aspttrouen-athletisme.fr\/index.php\/wp-json\/wp\/v2\/users\/1"}],"replies":[{"embeddable":true,"href":"https:\/\/aspttrouen-athletisme.fr\/index.php\/wp-json\/wp\/v2\/comments?post=129"}],"version-history":[{"count":25,"href":"https:\/\/aspttrouen-athletisme.fr\/index.php\/wp-json\/wp\/v2\/pages\/129\/revisions"}],"predecessor-version":[{"id":1307,"href":"https:\/\/aspttrouen-athletisme.fr\/index.php\/wp-json\/wp\/v2\/pages\/129\/revisions\/1307"}],"wp:attachment":[{"href":"https:\/\/aspttrouen-athletisme.fr\/index.php\/wp-json\/wp\/v2\/media?parent=129"}],"wp:term":[{"taxonomy":"folder","embeddable":true,"href":"https:\/\/aspttrouen-athletisme.fr\/index.php\/wp-json\/wp\/v2\/folder?post=129"}],"curies":[{"name":"wp","href":"https:\/\/api.w.org\/{rel}","templated":true}]}}