{"id":22,"date":"2024-05-22T14:41:31","date_gmt":"2024-05-22T12:41:31","guid":{"rendered":"https:\/\/aspttrouen-athletisme.fr\/?page_id=22"},"modified":"2026-03-25T11:30:21","modified_gmt":"2026-03-25T10:30:21","slug":"athle-jeunes","status":"publish","type":"page","link":"https:\/\/aspttrouen-athletisme.fr\/index.php\/athle-jeunes\/","title":{"rendered":"P\u00f4le jeunes de l&rsquo;ASPTT Rouen Athl\u00e9tisme"},"content":{"rendered":"\n<h1 class=\"wp-block-heading has-text-align-center has-background\" style=\"background-color:#e5af6d\"><strong>L&rsquo; athl\u00e9tisme pour tous les jeunes de 4 \u00e0 15 ans<\/strong> <\/h1>\n\n\n\n<figure class=\"wp-block-image wp-duotone-unset-1\"><img decoding=\"async\" src=\"https:\/\/aspttrouen-athletisme.fr\/wp-content\/uploads\/2024\/05\/Screenshot_20240222_202837_Instagram-1-pdf-1024x724.jpg\" alt=\"Pass'athl\u00e9 2023\/2024\"\/><\/figure>\n\n\n\n<h2 class=\"wp-block-heading has-background\" style=\"background:radial-gradient(rgb(252,185,0) 0%,rgb(255,105,0) 100%)\"><strong>Rentr\u00e9e 2025\/2026, viens courir, sauter, lancer, marcher !<\/strong><\/h2>\n\n\n\n<p>Bienvenue sur la page du p\u00f4le jeunes de l&rsquo;ASPTT Rouen Athl\u00e9tisme. Les \u00e9ducateurs et animateurs du club accueillent tous les jeunes de 4 \u00e0 15 ans au sein de nos diff\u00e9rents \u00e9quipements sportifs. <\/p>\n\n\n\n<p>\u2022 Vous trouverez ci-dessous la plaquette de rentr\u00e9e avec l&rsquo;ensemble des informations relatives aux cr\u00e9neaux et lieux d&rsquo;entra\u00eenements.<\/p>\n\n\n\n<p>\u2022<strong><a href=\"https:\/\/aspttrouen-athletisme.fr\/index.php\/inscriptions\/\"> Formulaire d&rsquo;adh\u00e9sion ici<\/a><\/strong>.<\/p>\n\n\n\n<div data-wp-interactive=\"core\/file\" class=\"wp-block-file\"><object data-wp-bind--hidden=\"!state.hasPdfPreview\" hidden class=\"wp-block-file__embed\" data=\"https:\/\/aspttrouen-athletisme.fr\/wp-content\/uploads\/2025\/09\/flyer-site-20252026_V5.pdf\" type=\"application\/pdf\" style=\"width:100%;height:600px\" aria-label=\"Contenu embarqu\u00e9 flyer site 2025:2026_V5.\"><\/object><a id=\"wp-block-file--media-1b428b6a-db84-40b2-836f-eff3cf9ce4e7\" href=\"https:\/\/aspttrouen-athletisme.fr\/wp-content\/uploads\/2025\/09\/flyer-site-20252026_V5.pdf\">flyer site 2025:2026_V5<\/a><a href=\"https:\/\/aspttrouen-athletisme.fr\/wp-content\/uploads\/2025\/09\/flyer-site-20252026_V5.pdf\" class=\"wp-block-file__button wp-element-button\" download aria-describedby=\"wp-block-file--media-1b428b6a-db84-40b2-836f-eff3cf9ce4e7\">T\u00e9l\u00e9charger<\/a><\/div>\n\n\n\n<p>\u2022 Responsable : Thomas Giugia : tgiugia@asptt.com<\/p>\n\n\n\n<figure class=\"wp-block-image aligncenter size-full\"><img loading=\"lazy\" decoding=\"async\" width=\"366\" height=\"258\" src=\"https:\/\/aspttrouen-athletisme.fr\/wp-content\/uploads\/2024\/05\/image-1.png\" alt=\"\" class=\"wp-image-106\" srcset=\"https:\/\/aspttrouen-athletisme.fr\/wp-content\/uploads\/2024\/05\/image-1.png 366w, https:\/\/aspttrouen-athletisme.fr\/wp-content\/uploads\/2024\/05\/image-1-300x211.png 300w\" sizes=\"auto, (max-width: 366px) 100vw, 366px\" \/><\/figure>\n\n\n\n<h2 class=\"wp-block-heading has-background\" style=\"background:radial-gradient(rgb(255,245,203) 0%,rgb(182,227,212) 51%,rgb(51,167,181) 100%)\"><strong>\u00c9cole d&rsquo;athl\u00e9tisme : U7-U10-U12<\/strong><\/h2>\n\n\n\n<h3 class=\"wp-block-heading\">Informations :<\/h3>\n\n\n\n<ul class=\"wp-block-list\">\n<li>1\/2 journ\u00e9e de stage pendant les vacances scolaires.<a href=\"https:\/\/docs.google.com\/forms\/d\/e\/1FAIpQLSeI4AvscHz5iy_zFyctW0l7cPPVv75s04PyoqxbZc8W-zt0gA\/viewform\"> Infos ici. <\/a><\/li>\n<\/ul>\n\n\n\n<h3 class=\"wp-block-heading\">Calendrier des prochains \u00e9v\u00e8nements :<\/h3>\n\n\n\n<ul class=\"wp-block-list\">\n<li>\u00e0 venir<\/li>\n<\/ul>\n\n\n\n<h3 class=\"wp-block-heading\">Derniers r\u00e9sultats :<\/h3>\n\n\n\n<ul class=\"wp-block-list\">\n<li><\/li>\n<\/ul>\n\n\n\n<figure class=\"wp-block-image aligncenter size-large\"><img loading=\"lazy\" decoding=\"async\" width=\"1024\" height=\"768\" src=\"https:\/\/aspttrouen-athletisme.fr\/wp-content\/uploads\/2024\/05\/IMG_1820-1024x768.jpeg\" alt=\"\" class=\"wp-image-75\" srcset=\"https:\/\/aspttrouen-athletisme.fr\/wp-content\/uploads\/2024\/05\/IMG_1820-1024x768.jpeg 1024w, https:\/\/aspttrouen-athletisme.fr\/wp-content\/uploads\/2024\/05\/IMG_1820-300x225.jpeg 300w, https:\/\/aspttrouen-athletisme.fr\/wp-content\/uploads\/2024\/05\/IMG_1820-768x576.jpeg 768w, https:\/\/aspttrouen-athletisme.fr\/wp-content\/uploads\/2024\/05\/IMG_1820-1536x1152.jpeg 1536w, https:\/\/aspttrouen-athletisme.fr\/wp-content\/uploads\/2024\/05\/IMG_1820-2048x1536.jpeg 2048w\" sizes=\"auto, (max-width: 1024px) 100vw, 1024px\" \/><\/figure>\n\n\n\n<h2 class=\"wp-block-heading has-background\" style=\"background:linear-gradient(135deg,rgb(254,205,165) 0%,rgb(254,45,45) 68%,rgb(11,10,10) 99%)\"><strong>Athl\u00e9tisme en comp\u00e9tition &amp; loisir : U14-U16<\/strong><\/h2>\n\n\n\n<h3 class=\"wp-block-heading\">Informations :<\/h3>\n\n\n\n<ul class=\"wp-block-list\">\n<li>1\/2 journ\u00e9e de stage pendant les vacances scolaires.<a href=\"https:\/\/docs.google.com\/forms\/d\/e\/1FAIpQLSeI4AvscHz5iy_zFyctW0l7cPPVv75s04PyoqxbZc8W-zt0gA\/viewform\"> Infos ici. <\/a><\/li>\n\n\n\n<li>Temps d&rsquo;\u00e9change avec les u16 2\u00e8me ann\u00e9e samedi 28 \u00e0 17h45 pour discuter autour de la transition u16 -> u18 au stade Lemire. <\/li>\n<\/ul>\n\n\n\n<h3 class=\"wp-block-heading\">Engagement aux comp\u00e9titions : <\/h3>\n\n\n\n<p><strong><a href=\"https:\/\/docs.google.com\/forms\/d\/e\/1FAIpQLSdjfnPxeXb35ZKfliMjtvHPQ7VXk1zlnzjqwzVB_nEKhrg8yg\/viewform\" data-type=\"link\" data-id=\"https:\/\/docs.google.com\/forms\/d\/e\/1FAIpQLSdjfnPxeXb35ZKfliMjtvHPQ7VXk1zlnzjqwzVB_nEKhrg8yg\/viewform\" target=\"_blank\" rel=\"noreferrer noopener\"><mark style=\"background-color:rgba(0, 0, 0, 0)\" class=\"has-inline-color has-accent-color\">Formulaire d&rsquo;engagement ici. <\/mark><\/a><\/strong><\/p>\n\n\n\n<h3 class=\"wp-block-heading\">Calendrier des prochains \u00e9v\u00e8nements :<\/h3>\n\n\n\n<ul class=\"wp-block-list\">\n<li><\/li>\n\n\n\n<li><\/li>\n<\/ul>\n\n\n\n<h3 class=\"wp-block-heading\">Derniers r\u00e9sultats :<\/h3>\n\n\n\n<ul class=\"wp-block-list\">\n<li><a href=\"https:\/\/www.athle.fr\/base\/resultats\/1142\"><mark style=\"background-color:rgba(0, 0, 0, 0)\" class=\"has-inline-color has-accent-color\"><strong>Lien r\u00e9sultats comp\u00e9titions d\u00e9partementales.<\/strong><\/mark><\/a><\/li>\n<\/ul>\n\n\n\n<figure class=\"wp-block-image size-large\"><img loading=\"lazy\" decoding=\"async\" width=\"1024\" height=\"768\" src=\"https:\/\/aspttrouen-athletisme.fr\/wp-content\/uploads\/2024\/11\/IMG-20241103-WA0001-1024x768.jpg\" alt=\"\" class=\"wp-image-487\" srcset=\"https:\/\/aspttrouen-athletisme.fr\/wp-content\/uploads\/2024\/11\/IMG-20241103-WA0001-1024x768.jpg 1024w, https:\/\/aspttrouen-athletisme.fr\/wp-content\/uploads\/2024\/11\/IMG-20241103-WA0001-300x225.jpg 300w, https:\/\/aspttrouen-athletisme.fr\/wp-content\/uploads\/2024\/11\/IMG-20241103-WA0001-768x576.jpg 768w, https:\/\/aspttrouen-athletisme.fr\/wp-content\/uploads\/2024\/11\/IMG-20241103-WA0001-1536x1152.jpg 1536w, https:\/\/aspttrouen-athletisme.fr\/wp-content\/uploads\/2024\/11\/IMG-20241103-WA0001-2048x1536.jpg 2048w\" sizes=\"auto, (max-width: 1024px) 100vw, 1024px\" \/><\/figure>\n\n\n\n<figure class=\"wp-block-gallery has-nested-images columns-default is-cropped wp-block-gallery-2 is-layout-flex wp-block-gallery-is-layout-flex\"><\/figure>\n","protected":false},"excerpt":{"rendered":"<p>L&rsquo; athl\u00e9tisme pour tous les jeunes de 4 \u00e0 15 ans Rentr\u00e9e 2025\/2026, viens courir, sauter, lancer, marcher ! Bienvenue sur la page du p\u00f4le jeunes de l&rsquo;ASPTT Rouen Athl\u00e9tisme&#8230;.<\/p>\n","protected":false},"author":3,"featured_media":60,"parent":0,"menu_order":0,"comment_status":"closed","ping_status":"closed","template":"","meta":{"footnotes":""},"folder":[],"class_list":["post-22","page","type-page","status-publish","has-post-thumbnail","hentry"],"_links":{"self":[{"href":"https:\/\/aspttrouen-athletisme.fr\/index.php\/wp-json\/wp\/v2\/pages\/22","targetHints":{"allow":["GET"]}}],"collection":[{"href":"https:\/\/aspttrouen-athletisme.fr\/index.php\/wp-json\/wp\/v2\/pages"}],"about":[{"href":"https:\/\/aspttrouen-athletisme.fr\/index.php\/wp-json\/wp\/v2\/types\/page"}],"author":[{"embeddable":true,"href":"https:\/\/aspttrouen-athletisme.fr\/index.php\/wp-json\/wp\/v2\/users\/3"}],"replies":[{"embeddable":true,"href":"https:\/\/aspttrouen-athletisme.fr\/index.php\/wp-json\/wp\/v2\/comments?post=22"}],"version-history":[{"count":120,"href":"https:\/\/aspttrouen-athletisme.fr\/index.php\/wp-json\/wp\/v2\/pages\/22\/revisions"}],"predecessor-version":[{"id":1311,"href":"https:\/\/aspttrouen-athletisme.fr\/index.php\/wp-json\/wp\/v2\/pages\/22\/revisions\/1311"}],"wp:featuredmedia":[{"embeddable":true,"href":"https:\/\/aspttrouen-athletisme.fr\/index.php\/wp-json\/wp\/v2\/media\/60"}],"wp:attachment":[{"href":"https:\/\/aspttrouen-athletisme.fr\/index.php\/wp-json\/wp\/v2\/media?parent=22"}],"wp:term":[{"taxonomy":"folder","embeddable":true,"href":"https:\/\/aspttrouen-athletisme.fr\/index.php\/wp-json\/wp\/v2\/folder?post=22"}],"curies":[{"name":"wp","href":"https:\/\/api.w.org\/{rel}","templated":true}]}}