{"id":24,"date":"2024-05-21T20:00:12","date_gmt":"2024-05-21T18:00:12","guid":{"rendered":"https:\/\/aspttrouen-athletisme.fr\/?page_id=24"},"modified":"2026-03-27T13:14:23","modified_gmt":"2026-03-27T12:14:23","slug":"competition-16","status":"publish","type":"page","link":"https:\/\/aspttrouen-athletisme.fr\/index.php\/competition-16\/","title":{"rendered":"P\u00f4le comp\u00e9tition pour les cat\u00e9gories CJESM (16 ans et +)"},"content":{"rendered":"\n<p><\/p>\n\n\n\n<p>Bienvenue sur la page de pr\u00e9sentation des activit\u00e9s comp\u00e9titives pour les cat\u00e9gories cadet(te)s, juniors, espoirs, s\u00e9niors et masters (athl\u00e8tes n\u00e9s \u00e0 partir de 2009).<\/p>\n\n\n\n<p>Toutes les informations pour la saison 2025-2026 sont disponibles <strong><a href=\"https:\/\/aspttrouen-athletisme.fr\/wp-content\/uploads\/2025\/06\/flyer-competition-piste-20252026.docx.pdf\" data-type=\"link\" data-id=\"https:\/\/aspttrouen-athletisme.fr\/wp-content\/uploads\/2025\/06\/flyer-competition-piste-20252026.docx.pdf\" target=\"_blank\" rel=\"noreferrer noopener\"><mark style=\"background-color:rgba(0, 0, 0, 0)\" class=\"has-inline-color has-accent-color\">sur ce document \u00e0 t\u00e9l\u00e9charger<\/mark><\/a>.<\/strong><\/p>\n\n\n\n<p>Les pr\u00e9 inscriptions sont \u00e0 faire sur ce formulaire en ligne : <a href=\"https:\/\/docs.google.com\/forms\/d\/e\/1FAIpQLSfLEFeHgNId6BEIjwbDpCjS3GieeqfMLVtBXBc6vjCe9wtceg\/viewform?usp=pp_url\"><strong><\/strong><\/a><strong><a href=\"https:\/\/docs.google.com\/forms\/d\/e\/1FAIpQLSfLEFeHgNId6BEIjwbDpCjS3GieeqfMLVtBXBc6vjCe9wtceg\/viewform\" target=\"_blank\" rel=\"noreferrer noopener\"><mark style=\"background-color:rgba(0, 0, 0, 0)\" class=\"has-inline-color has-accent-color\">Saison 2025\/2026 &#8211; Formulaire de pr\u00e9-inscription ou de mutation &#8211; ASPTT Rouen Athl\u00e9tisme<\/mark><\/a><\/strong><\/p>\n\n\n\n<p>Les demandes d&rsquo;inscriptions aux comp\u00e9titions sont \u00e0 faire sur ce google forms permanent : <a href=\"https:\/\/docs.google.com\/forms\/d\/e\/1FAIpQLSef3FWpFCgXUOXp5T6n7gPxFXHoGpha1Xld38a8T3YJmyccLg\/viewform?usp=pp_url\"><strong><mark style=\"background-color:rgba(0, 0, 0, 0);color:#1106c9\" class=\"has-inline-color\">https:\/\/docs.google.com\/forms\/d\/e\/1FAIpQLSef3FWpFCgXUOXp5T6n7gPxFXHoGpha1Xld38a8T3YJmyccLg\/viewform?usp=pp_url<\/mark><\/strong><\/a><\/p>\n\n\n\n<p>Une navette en minibus est pr\u00e9vue pour se rendre sur les sites d&rsquo;entrainement, la petite Bouverie ou St Exup\u00e9ry, en partant du Boulingrin ou de Tamarelle, les jours et horaires sont <strong><a href=\"https:\/\/aspttrouen-athletisme.fr\/wp-content\/uploads\/2025\/06\/Navette-2025-2026.jpg\" data-type=\"link\" data-id=\"https:\/\/aspttrouen-athletisme.fr\/wp-content\/uploads\/2025\/06\/Navette-2025-2026.jpg\"><mark style=\"background-color:rgba(0, 0, 0, 0)\" class=\"has-inline-color has-accent-color\">sur ce document \u00e0 t\u00e9l\u00e9charger<\/mark><\/a><\/strong>. Attention il faut s&rsquo;inscrire avant sur<a href=\"mailto:info-aspttrouenathle@orange.fr\"> <\/a><a href=\"mailto:info.aspttrouenathle@gmail.com\" data-type=\"mailto\" data-id=\"mailto:info.aspttrouenathle@gmail.com\"><strong><mark style=\"background-color:rgba(0, 0, 0, 0)\" class=\"has-inline-color has-accent-color\">info.aspttrouenathle@gmail.com<\/mark><\/strong><\/a><\/p>\n\n\n\n<p>Les programmes \/ horaires des comp\u00e9titions \u00e0 venir :<\/p>\n\n\n\n<p><mark style=\"background-color:rgba(0, 0, 0, 0)\" class=\"has-inline-color has-accent-color\">Calendrier estival 2025-2026<\/mark><\/p>\n\n\n\n<p><strong><mark style=\"background-color:rgba(0, 0, 0, 0);color:#fa020b\" class=\"has-inline-color\">Horaires des comp\u00e9titions \u00e0 venir :<\/mark><\/strong><\/p>\n\n\n\n<ul class=\"wp-block-list\">\n<li><a href=\"https:\/\/cda76.athle.fr\/upload\/ssites\/001142\/competitions\/meeting_du_28_mars_2026.pdf\" data-type=\"link\" data-id=\"https:\/\/cda76.athle.fr\/upload\/ssites\/001142\/competitions\/meeting_du_28_mars_2026.pdf\"><strong><mark style=\"background-color:rgba(0, 0, 0, 0)\" class=\"has-inline-color has-accent-color\">Samedi 28 mars : Meeting du COB \u00e0 EU<\/mark><\/strong><\/a><\/li>\n\n\n\n<li><a href=\"https:\/\/cda76.athle.fr\/upload\/ssites\/001142\/horaires\/departementaux_d_epreuves_combinees_b-m__m_ep._ouvertes_-_11_et_12_avril_2026.pdf\" data-type=\"link\" data-id=\"https:\/\/cda76.athle.fr\/upload\/ssites\/001142\/horaires\/departementaux_d_epreuves_combinees_b-m__m_ep._ouvertes_-_11_et_12_avril_2026.pdf\" target=\"_blank\" rel=\"noreferrer noopener\"><strong><mark style=\"background-color:rgba(0, 0, 0, 0)\" class=\"has-inline-color has-accent-color\">Samedi 11 et dimanche 12 avril : Epreuves ouvertes CDA76<\/mark><\/strong><\/a><\/li>\n\n\n\n<li><a href=\"https:\/\/cd14.athle.fr\/asp.net\/espaces.news\/news.aspx?id=367470\" data-type=\"link\" data-id=\"https:\/\/cd14.athle.fr\/asp.net\/espaces.news\/news.aspx?id=367470\" target=\"_blank\" rel=\"noreferrer noopener\"><strong><mark style=\"background-color:rgba(0, 0, 0, 0)\" class=\"has-inline-color has-accent-color\">Vendredi 17 avril : Soir\u00e9e CAC 1 \u00e0 Caen<\/mark><\/strong><\/a><\/li>\n\n\n\n<li><a href=\"https:\/\/cd14.athle.fr\/asp.net\/espaces.news\/news.aspx?id=367471\" data-type=\"link\" data-id=\"https:\/\/cd14.athle.fr\/asp.net\/espaces.news\/news.aspx?id=367471\" target=\"_blank\" rel=\"noreferrer noopener\"><strong><mark style=\"background-color:rgba(0, 0, 0, 0)\" class=\"has-inline-color has-accent-color\">Mercredi 22 avril : Soir\u00e9e CAC 2 \u00e0 Caen<\/mark><\/strong><\/a><\/li>\n\n\n\n<li>Samedi 25 et dimanche 26 avril : R\u00e9gionaux de pentathlon masters + 5000m \u00e0 Bayeux<\/li>\n\n\n\n<li>Samedi 2 mai : 1<sup>er<\/sup> tour des interclubs CD 76 \u00e0 Rouen<\/li>\n\n\n\n<li>Samedi 9 mai : R\u00e9gionaux masters \u00e0 Cherbourg<\/li>\n\n\n\n<li>Samedi 16 mai : 2<sup>\u00e8me<\/sup> tour des interclubs r\u00e9gionaux<\/li>\n\n\n\n<li>Dimanche 17 mai : 2<sup>\u00e8me<\/sup> tour des interclubs<\/li>\n\n\n\n<li>Samedi 6 juin : R\u00e9gionaux de pentalancers masters \u00e0 saint-L\u00f4<\/li>\n\n\n\n<li>Samedi 20 et dimanche 21 juin : R\u00e9gionaux individuels CJES \u00e0 Val de Reuil<\/li>\n<\/ul>\n\n\n\n<p><\/p>\n","protected":false},"excerpt":{"rendered":"<p>Bienvenue sur la page de pr\u00e9sentation des activit\u00e9s comp\u00e9titives pour les cat\u00e9gories cadet(te)s, juniors, espoirs, s\u00e9niors et masters (athl\u00e8tes n\u00e9s \u00e0 partir de 2009). Toutes les informations pour la saison&#8230;<\/p>\n","protected":false},"author":1,"featured_media":0,"parent":0,"menu_order":0,"comment_status":"closed","ping_status":"closed","template":"","meta":{"footnotes":""},"folder":[],"class_list":["post-24","page","type-page","status-publish","hentry"],"_links":{"self":[{"href":"https:\/\/aspttrouen-athletisme.fr\/index.php\/wp-json\/wp\/v2\/pages\/24","targetHints":{"allow":["GET"]}}],"collection":[{"href":"https:\/\/aspttrouen-athletisme.fr\/index.php\/wp-json\/wp\/v2\/pages"}],"about":[{"href":"https:\/\/aspttrouen-athletisme.fr\/index.php\/wp-json\/wp\/v2\/types\/page"}],"author":[{"embeddable":true,"href":"https:\/\/aspttrouen-athletisme.fr\/index.php\/wp-json\/wp\/v2\/users\/1"}],"replies":[{"embeddable":true,"href":"https:\/\/aspttrouen-athletisme.fr\/index.php\/wp-json\/wp\/v2\/comments?post=24"}],"version-history":[{"count":119,"href":"https:\/\/aspttrouen-athletisme.fr\/index.php\/wp-json\/wp\/v2\/pages\/24\/revisions"}],"predecessor-version":[{"id":1315,"href":"https:\/\/aspttrouen-athletisme.fr\/index.php\/wp-json\/wp\/v2\/pages\/24\/revisions\/1315"}],"wp:attachment":[{"href":"https:\/\/aspttrouen-athletisme.fr\/index.php\/wp-json\/wp\/v2\/media?parent=24"}],"wp:term":[{"taxonomy":"folder","embeddable":true,"href":"https:\/\/aspttrouen-athletisme.fr\/index.php\/wp-json\/wp\/v2\/folder?post=24"}],"curies":[{"name":"wp","href":"https:\/\/api.w.org\/{rel}","templated":true}]}}