{"id":26,"date":"2024-05-21T20:02:10","date_gmt":"2024-05-21T18:02:10","guid":{"rendered":"https:\/\/aspttrouen-athletisme.fr\/?page_id=26"},"modified":"2026-04-11T10:51:55","modified_gmt":"2026-04-11T08:51:55","slug":"photos-videos","status":"publish","type":"page","link":"https:\/\/aspttrouen-athletisme.fr\/index.php\/photos-videos\/","title":{"rendered":"Photos \/ Vid\u00e9os"},"content":{"rendered":"\n<p><\/p>\n\n\n\n<p class=\"has-text-align-center\"><a href=\"https:\/\/photos.app.goo.gl\/yzwhGEoMNKej2Tmw9\" data-type=\"link\" data-id=\"https:\/\/photos.app.goo.gl\/yzwhGEoMNKej2Tmw9\" target=\"_blank\" rel=\"noreferrer noopener\"><strong><mark style=\"background-color:rgba(0, 0, 0, 0);color:#1905cd\" class=\"has-inline-color\">Album archive : Les forces vives de l&rsquo;ASPTT Rouen au fil des saisons<\/mark><\/strong><\/a><\/p>\n\n\n\n<p><strong>Saison 2025-2026<\/strong><\/p>\n\n\n\n<ul class=\"wp-block-list\">\n<li><a href=\"https:\/\/photos.app.goo.gl\/e8n2Jbaj5JVnkaHL6\" data-type=\"link\" data-id=\"https:\/\/photos.app.goo.gl\/e8n2Jbaj5JVnkaHL6\" target=\"_blank\" rel=\"noreferrer noopener\"><strong><mark style=\"background-color:rgba(0, 0, 0, 0)\" class=\"has-inline-color has-accent-color\">Epreuves combin\u00e9es BE MI et \u00e9preuves ouvertes adultes \u00e0 Barentin 11 et 12 avril 2026<\/mark><\/strong><\/a><\/li>\n\n\n\n<li><a href=\"https:\/\/photos.app.goo.gl\/P7v8PRX2fUiLhJMr9\" data-type=\"link\" data-id=\"https:\/\/photos.app.goo.gl\/P7v8PRX2fUiLhJMr9\" target=\"_blank\" rel=\"noreferrer noopener\"><strong><mark style=\"background-color:rgba(0, 0, 0, 0)\" class=\"has-inline-color has-accent-color\">Ekiden de Rouen 15 mars 2026<\/mark><\/strong><\/a><\/li>\n\n\n\n<li><a href=\"https:\/\/photos.app.goo.gl\/512XKhHfx9A6ywLT9\" data-type=\"link\" data-id=\"https:\/\/photos.app.goo.gl\/512XKhHfx9A6ywLT9\" target=\"_blank\" rel=\"noreferrer noopener\"><strong><mark style=\"background-color:rgba(0, 0, 0, 0)\" class=\"has-inline-color has-accent-color\">R\u00e9gionaux benjaminEs \u00e0 Val de Reuil 14 mars 2026<\/mark><\/strong><\/a><\/li>\n\n\n\n<li><a href=\"https:\/\/photos.app.goo.gl\/vLse8Buh1THRBJCbA\" data-type=\"link\" data-id=\"https:\/\/photos.app.goo.gl\/vLse8Buh1THRBJCbA\"><mark style=\"background-color:rgba(0, 0, 0, 0)\" class=\"has-inline-color has-accent-color\"><strong>R\u00e9gionaux de cross \u00e0 Bernay 25 janvier 2026<\/strong><\/mark><\/a><\/li>\n\n\n\n<li><a href=\"https:\/\/photos.app.goo.gl\/TuVu4R1D8yrniAYt5\" data-type=\"link\" data-id=\"https:\/\/photos.app.goo.gl\/TuVu4R1D8yrniAYt5\" target=\"_blank\" rel=\"noreferrer noopener\"><mark style=\"background-color:rgba(0, 0, 0, 0)\" class=\"has-inline-color has-accent-color\"><strong>D\u00e9partementaux BE MI en salle \u00e0 Val de Reuil 21 d\u00e9cembre 2025<\/strong><\/mark><\/a><\/li>\n\n\n\n<li><a href=\"https:\/\/photos.app.goo.gl\/1m6eZ7D6j3AJG1Uy7\" data-type=\"link\" data-id=\"https:\/\/photos.app.goo.gl\/1m6eZ7D6j3AJG1Uy7\" target=\"_blank\" rel=\"noreferrer noopener\"><mark style=\"background-color:rgba(0, 0, 0, 0)\" class=\"has-inline-color has-accent-color\"><strong>R\u00e9gionaux de relais de cross \u00e0 Caen<\/strong><\/mark><\/a><\/li>\n\n\n\n<li><a href=\"https:\/\/photos.app.goo.gl\/ueKoap6zwFWE7Ba87\" data-type=\"link\" data-id=\"https:\/\/photos.app.goo.gl\/ueKoap6zwFWE7Ba87\" target=\"_blank\" rel=\"noreferrer noopener\"><mark style=\"background-color:rgba(0, 0, 0, 0)\" class=\"has-inline-color has-accent-color\"><strong>Epreuves combin\u00e9es BE et \u00e9preuves ouvertes MI \u00e0 Val de Reuil 30 novembre 2025<\/strong><\/mark><\/a><\/li>\n\n\n\n<li><a href=\"https:\/\/photos.app.goo.gl\/49SUGQ2RMWEd1g2u9\" data-type=\"link\" data-id=\"https:\/\/photos.app.goo.gl\/49SUGQ2RMWEd1g2u9\" target=\"_blank\" rel=\"noreferrer noopener\"><mark style=\"background-color:rgba(0, 0, 0, 0)\" class=\"has-inline-color has-accent-color\"><strong>Epreuves ouvertes BE MI \u00e0 Val de Reuil 2 novembre 2025<\/strong><\/mark><\/a><\/li>\n\n\n\n<li><a href=\"https:\/\/photos.app.goo.gl\/NatftTYcgyg7oeeJ8\" data-type=\"link\" data-id=\"https:\/\/photos.app.goo.gl\/NatftTYcgyg7oeeJ8\" target=\"_blank\" rel=\"noreferrer noopener\"><mark style=\"background-color:rgba(0, 0, 0, 0)\" class=\"has-inline-color has-accent-color\"><strong>Equip&rsquo;athl\u00e9 \u00e0 Louviers 12 octobre 2025<\/strong><\/mark><\/a><\/li>\n<\/ul>\n\n\n\n<p><strong>Saison 2024-2025<\/strong><\/p>\n\n\n\n<ul class=\"wp-block-list\">\n<li><a href=\"https:\/\/photos.app.goo.gl\/5DN5kNjonKGJwbw37\" data-type=\"link\" data-id=\"https:\/\/photos.app.goo.gl\/5DN5kNjonKGJwbw37\"><strong><mark style=\"background-color:rgba(0, 0, 0, 0)\" class=\"has-inline-color has-accent-color\">R\u00e9gionaux BE \u00e0 Bernay 14 juin 2025<\/mark><\/strong><\/a><\/li>\n\n\n\n<li><a href=\"https:\/\/photos.app.goo.gl\/PibgoobZmSiTFE9E6\" data-type=\"link\" data-id=\"https:\/\/photos.app.goo.gl\/PibgoobZmSiTFE9E6\"><strong><mark style=\"background-color:rgba(0, 0, 0, 0)\" class=\"has-inline-color has-accent-color\">R\u00e9gionaux BE EC et masters \u00e0 Barentin 07 juin 2025<\/mark><\/strong><\/a><\/li>\n\n\n\n<li><a href=\"https:\/\/drive.google.com\/drive\/folders\/12FzhSwP5Pw6WnmwqeMnf1e5qonSZ7M4v\" data-type=\"link\" data-id=\"https:\/\/drive.google.com\/drive\/folders\/12FzhSwP5Pw6WnmwqeMnf1e5qonSZ7M4v\" target=\"_blank\" rel=\"noreferrer noopener\"><strong><mark style=\"background-color:rgba(0, 0, 0, 0)\" class=\"has-inline-color has-accent-color\">2\u00e8me tour interclubs \u00e0 Rouen les 17 et 18 mai 2025, photos et vid\u00e9os &#8211; 2<\/mark><\/strong><\/a><\/li>\n\n\n\n<li><a href=\"https:\/\/photos.app.goo.gl\/TcW2xv2svyuQbN8x6\" data-type=\"link\" data-id=\"https:\/\/photos.app.goo.gl\/TcW2xv2svyuQbN8x6\" target=\"_blank\" rel=\"noreferrer noopener\"><strong><mark style=\"background-color:rgba(0, 0, 0, 0)\" class=\"has-inline-color has-accent-color\">2\u00e8me tour interclubs \u00e0 Rouen 18 mai 2025<\/mark><\/strong><\/a><\/li>\n\n\n\n<li><a href=\"https:\/\/photos.app.goo.gl\/ZP5VsYZ9s7A8MJBS8\" data-type=\"link\" data-id=\"https:\/\/photos.app.goo.gl\/ZP5VsYZ9s7A8MJBS8\" target=\"_blank\" rel=\"noreferrer noopener\"><strong><mark style=\"background-color:rgba(0, 0, 0, 0)\" class=\"has-inline-color has-accent-color\">2\u00e8me tour interclubs \u00e0 Rouen 17 mai 2025<\/mark><\/strong><\/a><\/li>\n\n\n\n<li><a href=\"https:\/\/photos.app.goo.gl\/LLBt3bCQaekWvboD8\" data-type=\"link\" data-id=\"https:\/\/photos.app.goo.gl\/LLBt3bCQaekWvboD8\" target=\"_blank\" rel=\"noreferrer noopener\"><strong><mark style=\"background-color:rgba(0, 0, 0, 0)\" class=\"has-inline-color has-accent-color\">Equip&rsquo;athl\u00e9 au Neubourg 26 avril 2025<\/mark><\/strong><\/a><\/li>\n\n\n\n<li><a href=\"https:\/\/photos.app.goo.gl\/bw7ycYhNNs51zFKw8\" data-type=\"link\" data-id=\"https:\/\/photos.app.goo.gl\/bw7ycYhNNs51zFKw8\" target=\"_blank\" rel=\"noreferrer noopener\"><strong><mark style=\"background-color:rgba(0, 0, 0, 0)\" class=\"has-inline-color has-accent-color\">R\u00e9gionaux benjaminEs \u00e0 Val de Reuil 15 mars 2025<\/mark><\/strong><\/a><\/li>\n\n\n\n<li><a href=\"https:\/\/photos.app.goo.gl\/gvnLe9VLyTevvNNA8\" data-type=\"link\" data-id=\"https:\/\/photos.app.goo.gl\/gvnLe9VLyTevvNNA8\"><strong><mark style=\"background-color:rgba(0, 0, 0, 0)\" class=\"has-inline-color has-accent-color\">R\u00e9gionaux minimes \u00e0 Val de Reuil 23 f\u00e9vrier 2025<\/mark><\/strong><\/a><\/li>\n\n\n\n<li><a href=\"https:\/\/photos.app.goo.gl\/n7L4FRiRXYqkJmtG6\" data-type=\"link\" data-id=\"https:\/\/photos.app.goo.gl\/n7L4FRiRXYqkJmtG6\" target=\"_blank\" rel=\"noreferrer noopener\"><strong><mark style=\"background-color:rgba(0, 0, 0, 0)\" class=\"has-inline-color has-accent-color\">Pr\u00e9 France en salle \u00e0 Rennes journ\u00e9e du 1er f\u00e9vrier 2025<\/mark><\/strong><\/a><\/li>\n\n\n\n<li><strong><a href=\"https:\/\/photos.app.goo.gl\/U3ZhK5DdVi6VTxHW7\" data-type=\"link\" data-id=\"https:\/\/photos.app.goo.gl\/U3ZhK5DdVi6VTxHW7\" target=\"_blank\" rel=\"noreferrer noopener\"><mark style=\"background-color:rgba(0, 0, 0, 0)\" class=\"has-inline-color has-accent-color\">R\u00e9gionaux de cross \u00e0 Valognes 26 janvier 2025<\/mark><\/a><\/strong><\/li>\n\n\n\n<li><strong><a href=\"https:\/\/photos.app.goo.gl\/M9C4TdrzFFxJbPGa7\" data-type=\"link\" data-id=\"https:\/\/photos.app.goo.gl\/M9C4TdrzFFxJbPGa7\" target=\"_blank\" rel=\"noreferrer noopener\"><mark style=\"background-color:rgba(0, 0, 0, 0)\" class=\"has-inline-color has-accent-color\">D\u00e9partementaux de cross \u00e0 Colleville 12 janvier 2025<\/mark><\/a><\/strong><\/li>\n\n\n\n<li><a href=\"https:\/\/photos.app.goo.gl\/n9KbBy3vxPwG21xu6\" data-type=\"link\" data-id=\"https:\/\/photos.app.goo.gl\/n9KbBy3vxPwG21xu6\" target=\"_blank\" rel=\"noreferrer noopener\"><strong><mark style=\"background-color:rgba(0, 0, 0, 0)\" class=\"has-inline-color has-accent-color\">D\u00e9partementaux BE MI \u00e0 Val de Reuil 22 d\u00e9cembre 2024<\/mark><\/strong><\/a><\/li>\n\n\n\n<li><a href=\"https:\/\/photos.app.goo.gl\/YAK5mY6zML4DNzQY7\" data-type=\"link\" data-id=\"https:\/\/photos.app.goo.gl\/YAK5mY6zML4DNzQY7\"><strong><mark style=\"background-color:rgba(0, 0, 0, 0)\" class=\"has-inline-color has-accent-color\">D\u00e9partementaux EC MI et EO BE \u00e0 Val de Reuil 15 d\u00e9cembre 2024<\/mark><\/strong><\/a><\/li>\n\n\n\n<li><strong><a href=\"https:\/\/photos.app.goo.gl\/j1Ej9ZrJMGKPxSLF6\" data-type=\"link\" data-id=\"https:\/\/photos.app.goo.gl\/j1Ej9ZrJMGKPxSLF6\" target=\"_blank\" rel=\"noreferrer noopener\"><mark style=\"background-color:rgba(0, 0, 0, 0)\" class=\"has-inline-color has-accent-color\">D\u00e9partementaux de lancers longs &#8211; podiums \u00e0 Rouen 14 d\u00e9cembre 2024<\/mark><\/a><\/strong><\/li>\n\n\n\n<li><strong><a href=\"https:\/\/photos.app.goo.gl\/VKRUpmkqz8ZXpDVDA\" data-type=\"link\" data-id=\"https:\/\/photos.app.goo.gl\/VKRUpmkqz8ZXpDVDA\" target=\"_blank\" rel=\"noreferrer noopener\"><mark style=\"background-color:rgba(0, 0, 0, 0)\" class=\"has-inline-color has-accent-color\">D\u00e9partementaux EC BE et EO MI \u00e0 Val de Reuil 01 d\u00e9cembre 2024<\/mark><\/a><\/strong><\/li>\n\n\n\n<li><a href=\"https:\/\/photos.app.goo.gl\/koePoywYo4igppac9\" data-type=\"link\" data-id=\"https:\/\/photos.app.goo.gl\/koePoywYo4igppac9\" target=\"_blank\" rel=\"noreferrer noopener\"><strong><mark style=\"background-color:rgba(0, 0, 0, 0)\" class=\"has-inline-color has-accent-color\">Equip&rsquo;athl\u00e9 \u00e0 \u00c9vreux 6 octobre 2024<\/mark><\/strong><\/a><\/li>\n<\/ul>\n\n\n\n<p><strong>Saison 2023-2024<\/strong><\/p>\n\n\n\n<ul class=\"wp-block-list\">\n<li><a href=\"https:\/\/photos.app.goo.gl\/EeCqd4HRHua5o4jB9\" data-type=\"link\" data-id=\"https:\/\/photos.app.goo.gl\/EeCqd4HRHua5o4jB9\"><strong><mark style=\"background-color:rgba(0, 0, 0, 0)\" class=\"has-inline-color has-accent-color\">R\u00e9gionaux benjaminEs \u00e0 \u00c9vreux 15 juin 2024<\/mark><\/strong><\/a><\/li>\n\n\n\n<li><a href=\"https:\/\/photos.onedrive.com\/share\/1AFA66ED182C3629!1537?cid=1AFA66ED182C3629&amp;resId=1AFA66ED182C3629!1537&amp;authkey=!Ap5UcL65g51vm40&amp;ithint=album\" data-type=\"link\" data-id=\"https:\/\/photos.onedrive.com\/share\/1AFA66ED182C3629!1537?cid=1AFA66ED182C3629&amp;resId=1AFA66ED182C3629!1537&amp;authkey=!Ap5UcL65g51vm40&amp;ithint=album\" target=\"_blank\" rel=\"noreferrer noopener\"><strong><mark style=\"background-color:rgba(0, 0, 0, 0);color:#1905cd\" class=\"has-inline-color\">\u00c9preuves combin\u00e9es minimes \u00e0 Val de Reuil 18 et 19 mai 2024<\/mark><\/strong><\/a><\/li>\n\n\n\n<li><a href=\"https:\/\/photos.app.goo.gl\/gRGnLv8xnGH3YdL76\" data-type=\"link\" data-id=\"https:\/\/photos.app.goo.gl\/gRGnLv8xnGH3YdL76\"><strong><mark style=\"background-color:rgba(0, 0, 0, 0);color:#1905cd\" class=\"has-inline-color\">2\u00e8me tour des interclubs \u00e0 Compi\u00e8gne 12 mai 2024<\/mark><\/strong><\/a><\/li>\n\n\n\n<li><a href=\"https:\/\/photos.app.goo.gl\/9wutFAtnRFBrPKc3A\" data-type=\"link\" data-id=\"https:\/\/photos.app.goo.gl\/9wutFAtnRFBrPKc3A\" target=\"_blank\" rel=\"noreferrer noopener\"><strong><mark style=\"background-color:rgba(0, 0, 0, 0);color:#1905cd\" class=\"has-inline-color\">D\u00e9partementaux EC BE MI \u00e0 Rouen 13 et 14 avril 2024<\/mark><\/strong><\/a><\/li>\n\n\n\n<li><a href=\"https:\/\/photos.app.goo.gl\/j8Qz4Rvh32Zis9LZ9\" data-type=\"link\" data-id=\"https:\/\/photos.app.goo.gl\/j8Qz4Rvh32Zis9LZ9\" target=\"_blank\" rel=\"noreferrer noopener\"><strong><mark style=\"background-color:rgba(0, 0, 0, 0);color:#1905cd\" class=\"has-inline-color\">R\u00e9gionaux BE en salle \u00e0 Mondeville 16 mars 2024<\/mark><\/strong><\/a><\/li>\n\n\n\n<li><a href=\"https:\/\/photos.app.goo.gl\/TdZynb8tx7445y5Y8\" data-type=\"link\" data-id=\"https:\/\/photos.app.goo.gl\/TdZynb8tx7445y5Y8\" target=\"_blank\" rel=\"noreferrer noopener\"><strong><mark style=\"background-color:rgba(0, 0, 0, 0);color:#1905cd\" class=\"has-inline-color\">Pr\u00e9 France de cross \u00e0 Saint James 18 f\u00e9vrier 2024<\/mark><\/strong><\/a><\/li>\n\n\n\n<li><a href=\"https:\/\/photos.app.goo.gl\/VWbG62aiUj5PETJ1A\" data-type=\"link\" data-id=\"https:\/\/photos.app.goo.gl\/VWbG62aiUj5PETJ1A\" target=\"_blank\" rel=\"noreferrer noopener\"><strong><mark style=\"background-color:rgba(0, 0, 0, 0);color:#1905cd\" class=\"has-inline-color\">R\u00e9gionaux de cross \u00e0 Jumi\u00e8ges 4 f\u00e9vrier 2024<\/mark><\/strong><\/a><\/li>\n\n\n\n<li><a href=\"https:\/\/photos.app.goo.gl\/AwRfz9G5MDpqkADC7\" data-type=\"link\" data-id=\"https:\/\/photos.app.goo.gl\/AwRfz9G5MDpqkADC7\" target=\"_blank\" rel=\"noreferrer noopener\"><strong><mark style=\"background-color:rgba(0, 0, 0, 0);color:#1905cd\" class=\"has-inline-color\">D\u00e9partementaux de cross Forges les Eaux 14 janvier 2024<\/mark><\/strong><\/a><\/li>\n\n\n\n<li><a href=\"https:\/\/photos.app.goo.gl\/YQKX2KV3hjWmVg2H9\" data-type=\"link\" data-id=\"https:\/\/photos.app.goo.gl\/YQKX2KV3hjWmVg2H9\" target=\"_blank\" rel=\"noreferrer noopener\"><strong><mark style=\"background-color:rgba(0, 0, 0, 0);color:#1905cd\" class=\"has-inline-color\">D\u00e9partementaux BE MI \u00e0 Val de Reuil 17 d\u00e9cembre 2023<\/mark><\/strong><\/a><\/li>\n\n\n\n<li><a href=\"https:\/\/photos.app.goo.gl\/YBEquGE9aXw7MeRB8\" data-type=\"link\" data-id=\"https:\/\/photos.app.goo.gl\/YBEquGE9aXw7MeRB8\" target=\"_blank\" rel=\"noreferrer noopener\"><strong><mark style=\"background-color:rgba(0, 0, 0, 0);color:#1905cd\" class=\"has-inline-color\">D\u00e9partementaux EC MI \u00e0 Val de Reuil 3 d\u00e9cembre 2023<\/mark><\/strong><\/a><\/li>\n\n\n\n<li><a href=\"https:\/\/photos.app.goo.gl\/5g8NYLiMa11wSM6Y8\" data-type=\"link\" data-id=\"https:\/\/photos.app.goo.gl\/5g8NYLiMa11wSM6Y8\" target=\"_blank\" rel=\"noreferrer noopener\"><strong><mark style=\"background-color:rgba(0, 0, 0, 0);color:#1905cd\" class=\"has-inline-color\">\u00c9preuves ouvertes 276 BE \u00e0 Val de Reuil 2 d\u00e9cembre 2023<\/mark><\/strong><\/a><\/li>\n\n\n\n<li><a href=\"https:\/\/photos.app.goo.gl\/rV3peFFmF3WSQx4F9\" data-type=\"link\" data-id=\"https:\/\/photos.app.goo.gl\/rV3peFFmF3WSQx4F9\" target=\"_blank\" rel=\"noreferrer noopener\"><strong><mark style=\"background-color:rgba(0, 0, 0, 0);color:#1905cd\" class=\"has-inline-color\">D\u00e9partementaux EC BE et \u00e9preuves ouvertes MI \u00e0 Val de Reuil 19 novembre 2023<\/mark><\/strong><\/a><\/li>\n\n\n\n<li><a href=\"https:\/\/photos.app.goo.gl\/gLpBqxnJKdHmS2uZ9\" data-type=\"link\" data-id=\"https:\/\/photos.app.goo.gl\/gLpBqxnJKdHmS2uZ9\" target=\"_blank\" rel=\"noreferrer noopener\"><strong><mark style=\"background-color:rgba(0, 0, 0, 0);color:#1905cd\" class=\"has-inline-color\">Cross du Carrington 11 novembre 2023<\/mark><\/strong><\/a><br><\/li>\n<\/ul>\n\n\n\n<p><strong>Saison 2022-2023<\/strong><\/p>\n\n\n\n<ul class=\"wp-block-list\">\n<li><a href=\"https:\/\/photos.app.goo.gl\/YFVAmVX7uobCPYZD6\" data-type=\"link\" data-id=\"https:\/\/photos.app.goo.gl\/YFVAmVX7uobCPYZD6\" target=\"_blank\" rel=\"noreferrer noopener\"><strong><mark style=\"background-color:rgba(0, 0, 0, 0);color:#1905cd\" class=\"has-inline-color\">Pr\u00e9 France \u00e0 Val de Reuil 1er et 2 juillet 2023<\/mark><\/strong><\/a><\/li>\n\n\n\n<li><a href=\"https:\/\/photos.app.goo.gl\/CGGhxGNsoH5kLVReA\" data-type=\"link\" data-id=\"https:\/\/photos.app.goo.gl\/CGGhxGNsoH5kLVReA\" target=\"_blank\" rel=\"noreferrer noopener\"><strong><mark style=\"background-color:rgba(0, 0, 0, 0);color:#1905cd\" class=\"has-inline-color\">Meeting RNA \u00e0 Rouen 14 juin 2023<\/mark><\/strong><\/a><\/li>\n\n\n\n<li><a href=\"https:\/\/photos.app.goo.gl\/pr334hpqUnonv1Zi9\" data-type=\"link\" data-id=\"https:\/\/photos.app.goo.gl\/pr334hpqUnonv1Zi9\" target=\"_blank\" rel=\"noreferrer noopener\"><strong><mark style=\"background-color:rgba(0, 0, 0, 0);color:#1905cd\" class=\"has-inline-color\">2\u00e8me tour interclubs \u00e0 Nantes 21 mai 2023<\/mark><\/strong><\/a><\/li>\n\n\n\n<li><a href=\"https:\/\/photos.app.goo.gl\/dpauCjfcCkxEY4dE6\" data-type=\"link\" data-id=\"https:\/\/photos.app.goo.gl\/dpauCjfcCkxEY4dE6\" target=\"_blank\" rel=\"noreferrer noopener\"><strong><mark style=\"background-color:rgba(0, 0, 0, 0);color:#1905cd\" class=\"has-inline-color\">2\u00e8me tour interclubs \u00e0 Val de Reuil 20 mai 2023<\/mark><\/strong><\/a><\/li>\n\n\n\n<li><a href=\"https:\/\/photos.app.goo.gl\/hkMemedGg6Er9Z458\" data-type=\"link\" data-id=\"https:\/\/photos.app.goo.gl\/hkMemedGg6Er9Z458\" target=\"_blank\" rel=\"noreferrer noopener\"><strong><mark style=\"background-color:rgba(0, 0, 0, 0);color:#1905cd\" class=\"has-inline-color\">D\u00e9partementaux BE MI \u00e0 Sotteville 18 mai 2023<\/mark><\/strong><\/a><\/li>\n\n\n\n<li><a href=\"https:\/\/photos.app.goo.gl\/h7LtxUDRSPa4hDHM9\" data-type=\"link\" data-id=\"https:\/\/photos.app.goo.gl\/h7LtxUDRSPa4hDHM9\" target=\"_blank\" rel=\"noreferrer noopener\"><strong><mark style=\"background-color:rgba(0, 0, 0, 0);color:#1905cd\" class=\"has-inline-color\">1er tour interclubs \u00e0 Rouen 7 mai 2023<\/mark><\/strong><\/a><\/li>\n\n\n\n<li><a href=\"https:\/\/photos.app.goo.gl\/hLZAQwMPFJrV971y6\" data-type=\"link\" data-id=\"https:\/\/photos.app.goo.gl\/hLZAQwMPFJrV971y6\" target=\"_blank\" rel=\"noreferrer noopener\"><strong><mark style=\"background-color:rgba(0, 0, 0, 0);color:#1905cd\" class=\"has-inline-color\">1er tour interclubs \u00e0 Rouen 6 mai 2023<\/mark><\/strong><\/a><\/li>\n\n\n\n<li><a href=\"https:\/\/photos.app.goo.gl\/wuUDTdCwiV5mq6Pu6\" data-type=\"link\" data-id=\"https:\/\/photos.app.goo.gl\/wuUDTdCwiV5mq6Pu6\" target=\"_blank\" rel=\"noreferrer noopener\"><strong><mark style=\"background-color:rgba(0, 0, 0, 0);color:#1905cd\" class=\"has-inline-color\">Meeting RNA \u00e0 Rouen 1er mai 2023<\/mark><\/strong><\/a><\/li>\n\n\n\n<li><a href=\"https:\/\/photos.app.goo.gl\/uXru2d8PnVMaKYrX7\" data-type=\"link\" data-id=\"https:\/\/photos.app.goo.gl\/uXru2d8PnVMaKYrX7\" target=\"_blank\" rel=\"noreferrer noopener\"><strong><mark style=\"background-color:rgba(0, 0, 0, 0);color:#1905cd\" class=\"has-inline-color\">Comp\u00e9titions jeunes et lancers \u00e0 Rouen 8 avril 2023<\/mark><\/strong><\/a><\/li>\n\n\n\n<li><a href=\"https:\/\/photos.app.goo.gl\/nGqL7c9vwMZyVJ4p8\" data-type=\"link\" data-id=\"https:\/\/photos.app.goo.gl\/nGqL7c9vwMZyVJ4p8\" target=\"_blank\" rel=\"noreferrer noopener\"><strong><mark style=\"background-color:rgba(0, 0, 0, 0);color:#1905cd\" class=\"has-inline-color\">Ekiden \u00e0 Rouen 19 mars 2023<\/mark><\/strong><\/a><\/li>\n\n\n\n<li><a href=\"https:\/\/photos.app.goo.gl\/ysbsDyBgenfbWzYi9\" data-type=\"link\" data-id=\"https:\/\/photos.app.goo.gl\/ysbsDyBgenfbWzYi9\" target=\"_blank\" rel=\"noreferrer noopener\"><strong><mark style=\"background-color:rgba(0, 0, 0, 0);color:#1905cd\" class=\"has-inline-color\">Pr\u00e9 France de cross \u00e0 Brest 19 f\u00e9vrier 2023<\/mark><\/strong><\/a><\/li>\n\n\n\n<li><a href=\"https:\/\/photos.app.goo.gl\/W78wuUGGj39NQANs9\" data-type=\"link\" data-id=\"https:\/\/photos.app.goo.gl\/W78wuUGGj39NQANs9\" target=\"_blank\" rel=\"noreferrer noopener\"><strong><mark style=\"background-color:rgba(0, 0, 0, 0);color:#1905cd\" class=\"has-inline-color\">R\u00e9gionaux de cross 5 f\u00e9vrier 2023<\/mark><\/strong><\/a><\/li>\n\n\n\n<li><a href=\"https:\/\/photos.app.goo.gl\/mnTdapcvob24MepT8\" data-type=\"link\" data-id=\"https:\/\/photos.app.goo.gl\/mnTdapcvob24MepT8\" target=\"_blank\" rel=\"noreferrer noopener\"><strong><mark style=\"background-color:rgba(0, 0, 0, 0);color:#1905cd\" class=\"has-inline-color\">D\u00e9partementaux de cross \u00e0 Harfleur 22 janvier 2023<\/mark><\/strong><\/a><\/li>\n\n\n\n<li><a href=\"https:\/\/photos.app.goo.gl\/XJBnPXhCrAtrvqsw5\" data-type=\"link\" data-id=\"https:\/\/photos.app.goo.gl\/XJBnPXhCrAtrvqsw5\" target=\"_blank\" rel=\"noreferrer noopener\"><strong><mark style=\"background-color:rgba(0, 0, 0, 0);color:#1905cd\" class=\"has-inline-color\">\u00c9preuves ouvertes BE \u00e0 Val de Reuil 3 d\u00e9cembre 2022<\/mark><\/strong><\/a><\/li>\n\n\n\n<li><a href=\"https:\/\/photos.app.goo.gl\/1K6rXVnVxurNDar17\" data-type=\"link\" data-id=\"https:\/\/photos.app.goo.gl\/1K6rXVnVxurNDar17\" target=\"_blank\" rel=\"noreferrer noopener\"><strong><mark style=\"background-color:rgba(0, 0, 0, 0);color:#1905cd\" class=\"has-inline-color\">Soir\u00e9e Jesse Owens \u00e0 Val de Reuil 2 d\u00e9cembre 2022<\/mark><\/strong><\/a><\/li>\n\n\n\n<li><a href=\"https:\/\/photos.app.goo.gl\/eRTpip3YDVJg3sGFA\" data-type=\"link\" data-id=\"https:\/\/photos.app.goo.gl\/eRTpip3YDVJg3sGFA\" target=\"_blank\" rel=\"noreferrer noopener\"><strong><mark style=\"background-color:rgba(0, 0, 0, 0);color:#1905cd\" class=\"has-inline-color\">Combin\u00e9es BE et \u00e9preuves ouvertes MI \u00e0 Val de Reuil 20 novembre 2022<\/mark><\/strong><\/a><\/li>\n<\/ul>\n","protected":false},"excerpt":{"rendered":"<p>Album archive : Les forces vives de l&rsquo;ASPTT Rouen au fil des saisons Saison 2025-2026 Saison 2024-2025 Saison 2023-2024 Saison 2022-2023<\/p>\n","protected":false},"author":1,"featured_media":0,"parent":0,"menu_order":0,"comment_status":"closed","ping_status":"closed","template":"","meta":{"footnotes":""},"folder":[],"class_list":["post-26","page","type-page","status-publish","hentry"],"_links":{"self":[{"href":"https:\/\/aspttrouen-athletisme.fr\/index.php\/wp-json\/wp\/v2\/pages\/26","targetHints":{"allow":["GET"]}}],"collection":[{"href":"https:\/\/aspttrouen-athletisme.fr\/index.php\/wp-json\/wp\/v2\/pages"}],"about":[{"href":"https:\/\/aspttrouen-athletisme.fr\/index.php\/wp-json\/wp\/v2\/types\/page"}],"author":[{"embeddable":true,"href":"https:\/\/aspttrouen-athletisme.fr\/index.php\/wp-json\/wp\/v2\/users\/1"}],"replies":[{"embeddable":true,"href":"https:\/\/aspttrouen-athletisme.fr\/index.php\/wp-json\/wp\/v2\/comments?post=26"}],"version-history":[{"count":42,"href":"https:\/\/aspttrouen-athletisme.fr\/index.php\/wp-json\/wp\/v2\/pages\/26\/revisions"}],"predecessor-version":[{"id":1323,"href":"https:\/\/aspttrouen-athletisme.fr\/index.php\/wp-json\/wp\/v2\/pages\/26\/revisions\/1323"}],"wp:attachment":[{"href":"https:\/\/aspttrouen-athletisme.fr\/index.php\/wp-json\/wp\/v2\/media?parent=26"}],"wp:term":[{"taxonomy":"folder","embeddable":true,"href":"https:\/\/aspttrouen-athletisme.fr\/index.php\/wp-json\/wp\/v2\/folder?post=26"}],"curies":[{"name":"wp","href":"https:\/\/api.w.org\/{rel}","templated":true}]}}