{"id":28,"date":"2024-05-21T20:02:34","date_gmt":"2024-05-21T18:02:34","guid":{"rendered":"https:\/\/aspttrouen-athletisme.fr\/?page_id=28"},"modified":"2025-06-28T15:06:12","modified_gmt":"2025-06-28T13:06:12","slug":"running-forme","status":"publish","type":"page","link":"https:\/\/aspttrouen-athletisme.fr\/index.php\/running-forme\/","title":{"rendered":"Running forme"},"content":{"rendered":"\n<p>L&rsquo;ASPTT Rouen athl\u00e9tisme propose des activit\u00e9s de running, vous trouverez toutes les informations pour la saison 2025-2026 <strong><a href=\"https:\/\/aspttrouen-athletisme.fr\/wp-content\/uploads\/2025\/06\/Flyer-running-2025-2026.pdf\" data-type=\"link\" data-id=\"https:\/\/aspttrouen-athletisme.fr\/wp-content\/uploads\/2025\/06\/Flyer-running-2025-2026.pdf\"><mark style=\"background-color:rgba(0, 0, 0, 0)\" class=\"has-inline-color has-accent-color\">en t\u00e9l\u00e9chargeant ce document<\/mark><\/a><\/strong>.<\/p>\n\n\n\n<p>Le lieu des s\u00e9ances est au stade de la petite Bouverie, all\u00e9e Pierre de Coubertin \u00e0 Rouen.<\/p>\n\n\n\n<p>Nous proposons aussi du trail, le mardi et le dimanche, les informations sont <strong><a href=\"https:\/\/aspttrouen-athletisme.fr\/wp-content\/uploads\/2025\/06\/Flyer-running-2025-2026.pdf\" data-type=\"link\" data-id=\"https:\/\/aspttrouen-athletisme.fr\/wp-content\/uploads\/2025\/06\/Flyer-running-2025-2026.pdf\"><mark style=\"background-color:rgba(0, 0, 0, 0)\" class=\"has-inline-color has-accent-color\">en t\u00e9l\u00e9chargement sur ce document<\/mark><\/a><\/strong>.<\/p>\n\n\n\n<p>Les pr\u00e9 inscriptions et r\u00e9 inscriptions sont \u00e0 faire sur ce formulaire en ligne : <strong><a href=\"https:\/\/docs.google.com\/forms\/d\/e\/1FAIpQLSfLEFeHgNId6BEIjwbDpCjS3GieeqfMLVtBXBc6vjCe9wtceg\/viewform\" target=\"_blank\" rel=\"noreferrer noopener\"><mark class=\"has-inline-color has-accent-color\" style=\"background-color: rgba(0, 0, 0, 0);\">Saison 2025\/2026 &#8211; Formulaire de pr\u00e9-inscription ou de mutation &#8211; ASPTT Rouen Athl\u00e9tisme<\/mark><\/a><\/strong><\/p>\n\n\n\n<figure class=\"wp-block-image aligncenter size-large is-resized\"><a href=\"https:\/\/aspttrouen-athletisme.fr\/wp-content\/uploads\/2025\/06\/post-kinder-1.jpg\"><img loading=\"lazy\" decoding=\"async\" width=\"1024\" height=\"1024\" src=\"https:\/\/aspttrouen-athletisme.fr\/wp-content\/uploads\/2025\/06\/post-kinder-1-1024x1024.jpg\" alt=\"\" class=\"wp-image-877\" style=\"width:328px;height:auto\" srcset=\"https:\/\/aspttrouen-athletisme.fr\/wp-content\/uploads\/2025\/06\/post-kinder-1-1024x1024.jpg 1024w, https:\/\/aspttrouen-athletisme.fr\/wp-content\/uploads\/2025\/06\/post-kinder-1-300x300.jpg 300w, https:\/\/aspttrouen-athletisme.fr\/wp-content\/uploads\/2025\/06\/post-kinder-1-150x150.jpg 150w, https:\/\/aspttrouen-athletisme.fr\/wp-content\/uploads\/2025\/06\/post-kinder-1-768x768.jpg 768w, https:\/\/aspttrouen-athletisme.fr\/wp-content\/uploads\/2025\/06\/post-kinder-1-1536x1536.jpg 1536w, https:\/\/aspttrouen-athletisme.fr\/wp-content\/uploads\/2025\/06\/post-kinder-1.jpg 2000w\" sizes=\"auto, (max-width: 1024px) 100vw, 1024px\" \/><\/a><\/figure>\n\n\n\n<p class=\"has-text-align-center\"><strong><mark style=\"background-color:rgba(0, 0, 0, 0);color:#a60505\" class=\"has-inline-color\">Planning 2025-2026, \u00e0 partir du 2 septembre 2025 :<\/mark><\/strong><\/p>\n\n\n\n<p><strong><mark style=\"background-color:#ffffff\" class=\"has-inline-color has-accent-color\">Mardi \u00e0 la petite Bouverie : 18h \u00e0 19h30<\/mark><\/strong><\/p>\n\n\n\n<p><strong><mark style=\"background-color:rgba(0, 0, 0, 0)\" class=\"has-inline-color has-accent-color\">Jeudi \u00e0 la petite Bouverie : 9h30 \u00e0 11H<\/mark><\/strong><\/p>\n\n\n\n<p><strong><mark style=\"background-color:rgba(0, 0, 0, 0)\" class=\"has-inline-color has-accent-color\">Jeudi \u00e0 la petite Bouverie : 18h \u00e0 19h30<\/mark><\/strong><\/p>\n\n\n\n<p><strong><mark style=\"background-color:rgba(0, 0, 0, 0)\" class=\"has-inline-color has-accent-color\">Samedi \u00e0 la petite Bouverie : 9h \u00e0 10h30<\/mark><\/strong><\/p>\n","protected":false},"excerpt":{"rendered":"<p>L&rsquo;ASPTT Rouen athl\u00e9tisme propose des activit\u00e9s de running, vous trouverez toutes les informations pour la saison 2025-2026 en t\u00e9l\u00e9chargeant ce document. Le lieu des s\u00e9ances est au stade de la&#8230;<\/p>\n","protected":false},"author":1,"featured_media":0,"parent":0,"menu_order":0,"comment_status":"closed","ping_status":"closed","template":"","meta":{"footnotes":""},"folder":[],"class_list":["post-28","page","type-page","status-publish","hentry"],"_links":{"self":[{"href":"https:\/\/aspttrouen-athletisme.fr\/index.php\/wp-json\/wp\/v2\/pages\/28","targetHints":{"allow":["GET"]}}],"collection":[{"href":"https:\/\/aspttrouen-athletisme.fr\/index.php\/wp-json\/wp\/v2\/pages"}],"about":[{"href":"https:\/\/aspttrouen-athletisme.fr\/index.php\/wp-json\/wp\/v2\/types\/page"}],"author":[{"embeddable":true,"href":"https:\/\/aspttrouen-athletisme.fr\/index.php\/wp-json\/wp\/v2\/users\/1"}],"replies":[{"embeddable":true,"href":"https:\/\/aspttrouen-athletisme.fr\/index.php\/wp-json\/wp\/v2\/comments?post=28"}],"version-history":[{"count":16,"href":"https:\/\/aspttrouen-athletisme.fr\/index.php\/wp-json\/wp\/v2\/pages\/28\/revisions"}],"predecessor-version":[{"id":881,"href":"https:\/\/aspttrouen-athletisme.fr\/index.php\/wp-json\/wp\/v2\/pages\/28\/revisions\/881"}],"wp:attachment":[{"href":"https:\/\/aspttrouen-athletisme.fr\/index.php\/wp-json\/wp\/v2\/media?parent=28"}],"wp:term":[{"taxonomy":"folder","embeddable":true,"href":"https:\/\/aspttrouen-athletisme.fr\/index.php\/wp-json\/wp\/v2\/folder?post=28"}],"curies":[{"name":"wp","href":"https:\/\/api.w.org\/{rel}","templated":true}]}}