{"id":419,"date":"2024-10-02T19:17:41","date_gmt":"2024-10-02T17:17:41","guid":{"rendered":"https:\/\/aspttrouen-athletisme.fr\/?page_id=419"},"modified":"2026-02-27T12:32:38","modified_gmt":"2026-02-27T11:32:38","slug":"comite-de-section","status":"publish","type":"page","link":"https:\/\/aspttrouen-athletisme.fr\/index.php\/comite-de-section\/","title":{"rendered":"Comit\u00e9 de section"},"content":{"rendered":"\n<p><strong><a href=\"https:\/\/aspttrouen-athletisme.fr\/wp-content\/uploads\/2024\/08\/TROMBINOSCOPE-SECTION-20242025.jpg\" data-type=\"link\" data-id=\"https:\/\/aspttrouen-athletisme.fr\/wp-content\/uploads\/2024\/08\/TROMBINOSCOPE-SECTION-20242025.jpg\">Organigramme<\/a><\/strong><\/p>\n\n\n\n<p><strong>Comptes rendus des r\u00e9unions du comit\u00e9 de section et du bureau de section :<\/strong><br><br><a href=\"https:\/\/aspttrouen-athletisme.fr\/wp-content\/uploads\/2026\/02\/PV-reunion-CD-10022026.docx.pdf\" data-type=\"link\" data-id=\"https:\/\/aspttrouen-athletisme.fr\/wp-content\/uploads\/2026\/02\/PV-reunion-CD-10022026.docx.pdf\">R\u00e9union du comit\u00e9 de section du 10 f\u00e9vrier 2026<\/a><br><a href=\"https:\/\/aspttrouen-athletisme.fr\/wp-content\/uploads\/2025\/12\/PV-reunion-CD-18112025.docx.pdf\" data-type=\"link\" data-id=\"https:\/\/aspttrouen-athletisme.fr\/wp-content\/uploads\/2025\/12\/PV-reunion-CD-18112025.docx.pdf\" target=\"_blank\" rel=\"noreferrer noopener\">R\u00e9union du comit\u00e9 de section du 18 novembre 2025<\/a><br><a href=\"https:\/\/aspttrouen-athletisme.fr\/wp-content\/uploads\/2025\/09\/PV-reunion-CD-02092025.docx.pdf\" data-type=\"link\" data-id=\"https:\/\/aspttrouen-athletisme.fr\/wp-content\/uploads\/2025\/09\/PV-reunion-CD-02092025.docx.pdf\" target=\"_blank\" rel=\"noreferrer noopener\">R\u00e9union du comit\u00e9 de section du 02 septembre 2025<\/a><br><a href=\"https:\/\/aspttrouen-athletisme.fr\/wp-content\/uploads\/2025\/07\/PV-reunion-CD-03062025-1.pdf\" data-type=\"link\" data-id=\"https:\/\/aspttrouen-athletisme.fr\/wp-content\/uploads\/2025\/07\/PV-reunion-CD-03062025-1.pdf\" target=\"_blank\" rel=\"noreferrer noopener\">R\u00e9union du comit\u00e9 de section du 03 juin 2025<\/a><br><a href=\"https:\/\/aspttrouen-athletisme.fr\/wp-content\/uploads\/2025\/04\/PV-reunion-CD-04032025.pdf\" data-type=\"link\" data-id=\"https:\/\/aspttrouen-athletisme.fr\/wp-content\/uploads\/2025\/04\/PV-reunion-CD-04032025.pdf\">R\u00e9union du comit\u00e9 de section du 04 mars 2025<\/a><br><a href=\"https:\/\/aspttrouen-athletisme.fr\/wp-content\/uploads\/2025\/02\/PV-reunion-CD-07012025.pdf\" data-type=\"link\" data-id=\"https:\/\/aspttrouen-athletisme.fr\/wp-content\/uploads\/2025\/02\/PV-reunion-CD-07012025.pdf\">R\u00e9union du comit\u00e9 de section du 07 janvier 2025<\/a><br><a href=\"https:\/\/aspttrouen-athletisme.fr\/wp-content\/uploads\/2024\/12\/PV-reunion-bureau-02122024-1.pdf\" data-type=\"link\" data-id=\"https:\/\/aspttrouen-athletisme.fr\/wp-content\/uploads\/2024\/12\/PV-reunion-bureau-02122024-1.pdf\" target=\"_blank\" rel=\"noreferrer noopener\">R\u00e9union du bureau de section du 02 d\u00e9cembre 2024<\/a><br><a href=\"https:\/\/aspttrouen-athletisme.fr\/wp-content\/uploads\/2024\/11\/PV-reunion-du-05112024.pdf\" data-type=\"link\" data-id=\"https:\/\/aspttrouen-athletisme.fr\/wp-content\/uploads\/2024\/11\/PV-reunion-du-05112024.pdf\" target=\"_blank\" rel=\"noreferrer noopener\">R\u00e9union du comit\u00e9 de section du 05 novembre 2024<\/a><br><a href=\"https:\/\/aspttrouen-athletisme.fr\/wp-content\/uploads\/2024\/10\/PV-reunion-bureau-30092024.pdf\" data-type=\"link\" data-id=\"https:\/\/aspttrouen-athletisme.fr\/wp-content\/uploads\/2024\/10\/PV-reunion-bureau-30092024.pdf\" target=\"_blank\" rel=\"noreferrer noopener\">R\u00e9union du bureau de section du 30 septembre 2024<\/a><br><a href=\"https:\/\/aspttrouen-athletisme.fr\/wp-content\/uploads\/2024\/10\/PV-reunion-du-03092024.pdf\" data-type=\"link\" data-id=\"https:\/\/aspttrouen-athletisme.fr\/wp-content\/uploads\/2024\/10\/PV-reunion-du-03092024.pdf\" target=\"_blank\" rel=\"noreferrer noopener\">R\u00e9union du comit\u00e9 de section du 03 septembre 2024<\/a><br><a href=\"https:\/\/aspttrouen-athletisme.fr\/wp-content\/uploads\/2024\/10\/PV-reunion-bureau-15072024.pdf\" data-type=\"link\" data-id=\"https:\/\/aspttrouen-athletisme.fr\/wp-content\/uploads\/2024\/10\/PV-reunion-bureau-15072024.pdf\" target=\"_blank\" rel=\"noreferrer noopener\">R\u00e9union du bureau de section du 15 juillet 2024<\/a><\/p>\n\n\n\n<p><\/p>\n","protected":false},"excerpt":{"rendered":"<p>Organigramme Comptes rendus des r\u00e9unions du comit\u00e9 de section et du bureau de section : R\u00e9union du comit\u00e9 de section du 10 f\u00e9vrier 2026R\u00e9union du comit\u00e9 de section du 18&#8230;<\/p>\n","protected":false},"author":1,"featured_media":0,"parent":0,"menu_order":0,"comment_status":"closed","ping_status":"closed","template":"","meta":{"footnotes":""},"folder":[],"class_list":["post-419","page","type-page","status-publish","hentry"],"_links":{"self":[{"href":"https:\/\/aspttrouen-athletisme.fr\/index.php\/wp-json\/wp\/v2\/pages\/419","targetHints":{"allow":["GET"]}}],"collection":[{"href":"https:\/\/aspttrouen-athletisme.fr\/index.php\/wp-json\/wp\/v2\/pages"}],"about":[{"href":"https:\/\/aspttrouen-athletisme.fr\/index.php\/wp-json\/wp\/v2\/types\/page"}],"author":[{"embeddable":true,"href":"https:\/\/aspttrouen-athletisme.fr\/index.php\/wp-json\/wp\/v2\/users\/1"}],"replies":[{"embeddable":true,"href":"https:\/\/aspttrouen-athletisme.fr\/index.php\/wp-json\/wp\/v2\/comments?post=419"}],"version-history":[{"count":15,"href":"https:\/\/aspttrouen-athletisme.fr\/index.php\/wp-json\/wp\/v2\/pages\/419\/revisions"}],"predecessor-version":[{"id":1276,"href":"https:\/\/aspttrouen-athletisme.fr\/index.php\/wp-json\/wp\/v2\/pages\/419\/revisions\/1276"}],"wp:attachment":[{"href":"https:\/\/aspttrouen-athletisme.fr\/index.php\/wp-json\/wp\/v2\/media?parent=419"}],"wp:term":[{"taxonomy":"folder","embeddable":true,"href":"https:\/\/aspttrouen-athletisme.fr\/index.php\/wp-json\/wp\/v2\/folder?post=419"}],"curies":[{"name":"wp","href":"https:\/\/api.w.org\/{rel}","templated":true}]}}