{"id":518,"date":"2024-11-21T22:07:19","date_gmt":"2024-11-21T21:07:19","guid":{"rendered":"https:\/\/aspttrouen-athletisme.fr\/?page_id=518"},"modified":"2026-03-13T19:54:03","modified_gmt":"2026-03-13T18:54:03","slug":"ekiden-de-rouen","status":"publish","type":"page","link":"https:\/\/aspttrouen-athletisme.fr\/index.php\/ekiden-de-rouen\/","title":{"rendered":"Ekiden de Rouen"},"content":{"rendered":"\n<p><strong>\u00c9dition 2026 : dimanche 15 mars<\/strong><\/p>\n\n\n\n<figure class=\"wp-block-image size-large is-resized\"><img loading=\"lazy\" decoding=\"async\" width=\"724\" height=\"1024\" src=\"https:\/\/aspttrouen-athletisme.fr\/wp-content\/uploads\/2025\/09\/Affiche-Ekiden-de-Rouen-724x1024.jpg\" alt=\"\" class=\"wp-image-974\" style=\"width:288px;height:auto\" srcset=\"https:\/\/aspttrouen-athletisme.fr\/wp-content\/uploads\/2025\/09\/Affiche-Ekiden-de-Rouen-724x1024.jpg 724w, https:\/\/aspttrouen-athletisme.fr\/wp-content\/uploads\/2025\/09\/Affiche-Ekiden-de-Rouen-212x300.jpg 212w, https:\/\/aspttrouen-athletisme.fr\/wp-content\/uploads\/2025\/09\/Affiche-Ekiden-de-Rouen-768x1086.jpg 768w, https:\/\/aspttrouen-athletisme.fr\/wp-content\/uploads\/2025\/09\/Affiche-Ekiden-de-Rouen-1086x1536.jpg 1086w, https:\/\/aspttrouen-athletisme.fr\/wp-content\/uploads\/2025\/09\/Affiche-Ekiden-de-Rouen.jpg 1414w\" sizes=\"auto, (max-width: 724px) 100vw, 724px\" \/><\/figure>\n\n\n\n<p><mark style=\"background-color:rgba(0, 0, 0, 0);color:#cf2e2e\" class=\"has-inline-color\">Le 22\/01\/2026 &#8211; Avertissement : L&rsquo;\u00e9preuve Ekiden est compl\u00e8te, il n&rsquo;y a pas de liste d&rsquo;attente. Il reste de la place sur le 5km<\/mark><\/p>\n\n\n\n<p><strong>Ekiden et 5 km de Rouen<\/strong><\/p>\n\n\n\n<p>Organisateur : Rouen Normandie Athl\u00e9tisme<br>Lieu : Quai Rive Gauche, aux terrains de sport \u00e0 c\u00f4t\u00e9 du 105 sur les quais rive gauche, Rouen (76)<br>Type : Course sur route<\/p>\n\n\n\n<p><strong>Lien d&rsquo;inscription<\/strong> : <a href=\"https:\/\/in.njuko.com\/ekiden-de-rouen-2026\" target=\"_blank\" rel=\"noreferrer noopener\">https:\/\/in.njuko.com\/ekiden-de-rouen-2026<\/a><br><br><strong>R\u00e8glement Ekiden 2026<\/strong><\/p>\n\n\n\n<p><strong>Article 1 : Organisateurs<\/strong><br>L\u2019Ekiden de Rouen et le 5km pour cette \u00e9dition 2026 est une course running organis\u00e9e par le Rouen Normandie Athl\u00e9tisme (association loi 1901). Vous pouvez contacter l\u2019organisateur \u00e0 tout moment par mail \u00e0 l\u2019adresse <a href=\"mailto:rouennormandieathletisme@gmail.com\" target=\"_blank\" rel=\"noreferrer noopener\">rouennormandieathletisme@gmail.com<\/a> ou <a href=\"mailto:ekidenderouen@gmail.com\" target=\"_blank\" rel=\"noreferrer noopener\">ekidenderouen@gmail.com<\/a> ou par t\u00e9l\u00e9phone (0620666727).<\/p>\n\n\n\n<p><strong>Article 2 : Date, horaires et circuits<\/strong><br>Elle aura lieu le dimanche 15 mars.<br>Le retrait des dossards se fera la veille chez OD Run de 14h \u00e0 17h00 et le jour de la course de 7h30 \u00e0 8h30.<br><strong>Longueur des parcours<\/strong> : 1 boucle de 5000 m\u00e8tres et 1 boucle de 2195 m\u00e8tres<br><strong>Distance de s\u00e9paration<\/strong> : 10 m\u00e8tres<br><strong>D\u00e9termination du parcours<\/strong> :<br>Le parcours consiste en 2 boucles une de 5000 m et une de 2195 m. Les boucles empruntent les quais rive gauche.<br><strong>Description des Parcours<\/strong> :<\/p>\n\n\n\n<p><strong>1 \u00e8re Boucle<\/strong> : (5000 m\u00e8tres) \u00e0 effectuer 1 ou 2 fois suivant relayeur<\/p>\n\n\n\n<ul class=\"wp-block-list\">\n<li>D\u00e9part : Pr\u00e8s du si\u00e8ge de la M\u00e9tropole de Rouen Normandie.<\/li>\n\n\n\n<li>Aller vers le pont Corneille (les hangars 107, 106, 105 \u00e0 droite)<\/li>\n\n\n\n<li>Demi-tour \u00e0 l\u2019approche du pont Corneille<\/li>\n\n\n\n<li>Aller vers la presqu\u2019\u00eele Elie, la Seine \u00e0 droite jusqu\u2019\u00e0 la bite d\u2019amarrage n\u00b0 307<\/li>\n\n\n\n<li>Demi-Tour. Aller vers la ligne d\u00e9part<br>La zone de relais sera install\u00e9e sur la ligne de d\u00e9part, 10 m\u00e8tres en amont, 10 m\u00e8tres en aval.<br><br><strong>2 \u00e8me Boucle<\/strong> : (2195 m\u00e8tres) \u00e0 effectuer par le dernier relayeur apr\u00e8s une boucle de 5000 m<\/li>\n\n\n\n<li>D\u00e9part pr\u00e8s du si\u00e8ge de la M\u00e9tropole de Rouen Normandie.<\/li>\n\n\n\n<li>Demi-tour apr\u00e8s les grues pr\u00e8s du hangar 106 entre les bites d\u2019amarrage n\u00b0 204 et 205<\/li>\n\n\n\n<li>Aller vers la presqu\u2019\u00eele Elie jusqu\u2019\u00e0 la bite d\u2019amarrage n\u00b0 307<\/li>\n\n\n\n<li>Demi-tour \u00e0 l\u2019approche de la bite centrale n\u00b0 311. Aller vers le d\u00e9part.<\/li>\n\n\n\n<li>Bifurcation \u00e0 droite 40 m\u00e8tres avant la zone de relais.<\/li>\n\n\n\n<li>Aller vers la ligne d\u2019arriv\u00e9e.<br><br><strong>5km<\/strong> : 1 boucle 5 km Ekiden<\/li>\n<\/ul>\n\n\n\n<p><strong>Article 3 : Condition d\u2019inscription<\/strong><br><br><strong>3-1 : Cat\u00e9gories d\u2019\u00e2ge<\/strong><br>Ouvert \u00e0 partir de cadets (2006 et avant\u2026)<br><br><strong>3-2 : Mineurs<\/strong><br>Les mineurs peuvent s\u2019inscrire \u00e0 condition de fournir une autorisation parentale.<br><br><strong>3-3 : Certificat m\u00e9dical et licences sportives<\/strong><br>Conform\u00e9ment \u00e0 l\u2019article 231-2-1 du code du sport, la participation \u00e0 la comp\u00e9tition est soumise \u00e0 la pr\u00e9sentation obligatoire :<\/p>\n\n\n\n<p>Soit d\u2019une licence sportive avec la mention de non contradiction au sport ou athl\u00e9tisme en comp\u00e9tition : FCD, FFSA, FFH, FFA, FSPN, ASPTT, FSCF, FSGT et UFOLEP (en cours de validit\u00e9 \u00e0 la date de la manifestation).<\/p>\n\n\n\n<p>Soit d\u2019un parcours de pr\u00e9vention sant\u00e9 (PPS) valide et complet \u00e0 date de l\u2019\u00e9v\u00e8nement.<br><br><strong>Article 4 : Inscriptions<\/strong><br>Les inscriptions se font uniquement en ligne via notre plateforme d\u2019inscription sur Normandie course \u00e0 pied.<br><br><strong>4-1 : Prix et augmentation de tarifs<\/strong><br><strong>Ekiden<\/strong> : Jusqu\u2019au 30 janvier 20h00 : 76 euros par \u00e9quipe pour les licenci\u00e9s FFA \/ 84 euros pour les non licenci\u00e9s FFA (+ frais gestion de dossier)<br><br>Jusqu\u2019au 8 mars 20h00 (dans la limite du nombre de dossards disponibles : maximum 250 \u00e9quipes) : 86<br>euros par \u00e9quipe pour les licenci\u00e9s FFA et 96 pour les non licenci\u00e9s FFA (+frais gestion de dossier)<br><br><strong>5 km<\/strong> :<br><br>Le montant de l\u2019engagement (quelque soit la cat\u00e9gorie d\u2019\u00e2ge) est fix\u00e9 \u00e0 :<br>7 euros FFA (+ frais gestion de dossier)<br>9 euros non licenci\u00e9 FFA (+ frais gestions de dossiers)<\/p>\n\n\n\n<p><strong>4-2 : Revente ou cession de dossard<\/strong><br>Tout engagement est personnel. Aucun transfert d\u2019inscription n\u2019est autoris\u00e9 pour quelque motif que ce soit. Toute personne r\u00e9troc\u00e9dant son dossard \u00e0 une tierce personne, sera reconnue responsable en cas d\u2019accident survenu ou provoqu\u00e9 par cette derni\u00e8re durant l\u2019\u00e9preuve. Toute personne disposant d\u2019un dossard acquis en infraction avec le pr\u00e9sent r\u00e8glement pourra \u00eatre disqualifi\u00e9e. L\u2019organisation d\u00e9cline toute responsabilit\u00e9 en cas d\u2019accident face \u00e0 ce type de situation<\/p>\n\n\n\n<p><strong>4-3 : Remboursement<\/strong><br>Chaque engagement est ferme et d\u00e9finitif. Cependant, l\u2019organisation accepte des changements de coureurs. Il vous est donc possible de c\u00e9der votre dossard \u00e0 un rempla\u00e7ant \u00e0 condition que vous ayez contact\u00e9 l\u2019organisateur pour communiquer le nom, pr\u00e9nom, date de naissance, certificat m\u00e9dical du rempla\u00e7ant.<br><br><strong>Article 5 : Assurance<\/strong><br>Les organisateurs sont couverts par une police d\u2019assurance responsabilit\u00e9 civile souscrite aupr\u00e8s De la MAIF pour la dur\u00e9e de l\u2019\u00e9preuve. Les licenci\u00e9s b\u00e9n\u00e9ficient des garanties accord\u00e9es par les assurances li\u00e9es \u00e0 leur licence sportive. Il incombe aux autres participants de s\u2019assurer personnellement. L\u2019organisation ne peut en aucun cas \u00eatre tenue pour responsable en cas d\u2019accident ou de d\u00e9faillance des participants notamment ceux cons\u00e9cutifs \u00e0 un mauvais \u00e9tat de sant\u00e9 ou \u00e0 une pr\u00e9paration insuffisante. La participation se fait sous l\u2019enti\u00e8re responsabilit\u00e9 des concurrents avec renonciation \u00e0 tout recours contre les organisateurs en cas de dommages ou de s\u00e9quelles ult\u00e9rieurs \u00e0 la course. Les organisateurs d\u00e9clinent toute responsabilit\u00e9 en cas de vol ou de d\u00e9gradation de mat\u00e9riel.<br><br><strong>Article 6 : S\u00e9curit\u00e9<\/strong><br>La s\u00e9curit\u00e9 et l\u2019assistance m\u00e9dicale des participants est du ressort de l\u2019organisateur qui mettra en place un Dispositif Pr\u00e9visionnel de Secours (DPS). La s\u00e9curit\u00e9 sera assur\u00e9e par des signaleurs sur les voies routi\u00e8res, un m\u00e9decin et une \u00e9quipe de secouristes. Les services de secours (SDIS) et de gendarmerie seront avertis de l\u2019\u00e9v\u00e9nement. Une \u00e9quipe de kin\u00e9sith\u00e9rapeutes est \u00e9galement pr\u00e9vue \u00e0 l\u2019arriv\u00e9e.<br><br><strong>Articles 7 : Chronom\u00e9trage<\/strong><br>Le chronom\u00e9trage est assur\u00e9 par MPSE Chrono avec des chronom\u00e9treurs certifi\u00e9s.<\/p>\n\n\n\n<p><strong>Article 8 : Classement et r\u00e9compenses<\/strong><br>Ekiden :<br>Les 3 premi\u00e8res \u00e9quipes hommes (avec bons d\u2019achats)<br>Les 3 premi\u00e8res \u00e9quipes femmes (avec bons d\u2019achats)<br>Les 3 premi\u00e8res \u00e9quipes mixte (avec bons d\u2019achats)<br>Les 3 premi\u00e8res \u00e9quipes entreprise<\/p>\n\n\n\n<p><strong>5 km<\/strong> :<br>3 premiers scratch hommes et femmes<\/p>\n\n\n\n<p>Un cadeau personnalis\u00e9 sera distribu\u00e9 lors du retrait des dossards.<br>Les classements seront diffus\u00e9s le soir m\u00eame sur le site de Normandie Course \u00e0 Pied et FFA.<br><br><strong>Article 9 : Charte du coureur<\/strong><br>Tout concurrent est tenu \u00e0 assistance en cas d\u2019accident d\u2019un autre concurrent (jusqu\u2019\u00e0 l\u2019arriv\u00e9e des secours). Tout abandon de mat\u00e9riel, tout jet de d\u00e9chet, hors des lieux pr\u00e9vus \u00e0 cet effet entra\u00eenera la mise hors-course du concurrent fautif.<\/p>\n\n\n\n<p><strong>Article 10 : Droit \u00e0 l\u2019image<\/strong><br>Du fait de son engagement, chaque coureur autorise express\u00e9ment les organisateurs \u00e0 utiliser les images fixes ou audiovisuelles sur lesquelles il pourrait appara\u00eetre, prises \u00e0 l\u2019occasion de sa participation aux \u00e9preuves, sur tous supports y compris les documents promotionnels et \/ ou publicitaires.<\/p>\n\n\n\n<p><strong>Article 11 : Annulation, intemp\u00e9ries<\/strong><br>L\u2019organisateur se r\u00e9serve la facult\u00e9 d\u2019annuler la manifestation soit sur requ\u00eate de l\u2019autorit\u00e9 administrative, soit en cas de force majeure. Aucune indemnit\u00e9 ne pourra \u00eatre vers\u00e9e \u00e0 ce titre. Les participants seront rembours\u00e9s de leurs frais d\u2019engagement mais ne pourront pr\u00e9tendre \u00e0 aucune autre indemnit\u00e9 \u00e0 ce titre.<br>En cas de force majeure (intemp\u00e9ries, \u2026.) et pour des raisons de s\u00e9curit\u00e9, l\u2019organisation se r\u00e9serve le droit de modifier le parcours ou d\u2019annuler l\u2019\u00e9preuve. En cas d\u2019annulation l\u2019organisation proc\u00e9dera au remboursement des inscriptions ou au report des \u00e9preuves \u00e0 une date ult\u00e9rieure.<\/p>\n\n\n\n<p><\/p>\n","protected":false},"excerpt":{"rendered":"<p>\u00c9dition 2026 : dimanche 15 mars Le 22\/01\/2026 &#8211; Avertissement : L&rsquo;\u00e9preuve Ekiden est compl\u00e8te, il n&rsquo;y a pas de liste d&rsquo;attente. Il reste de la place sur le 5km&#8230;<\/p>\n","protected":false},"author":1,"featured_media":0,"parent":0,"menu_order":0,"comment_status":"closed","ping_status":"closed","template":"","meta":{"footnotes":""},"folder":[],"class_list":["post-518","page","type-page","status-publish","hentry"],"_links":{"self":[{"href":"https:\/\/aspttrouen-athletisme.fr\/index.php\/wp-json\/wp\/v2\/pages\/518","targetHints":{"allow":["GET"]}}],"collection":[{"href":"https:\/\/aspttrouen-athletisme.fr\/index.php\/wp-json\/wp\/v2\/pages"}],"about":[{"href":"https:\/\/aspttrouen-athletisme.fr\/index.php\/wp-json\/wp\/v2\/types\/page"}],"author":[{"embeddable":true,"href":"https:\/\/aspttrouen-athletisme.fr\/index.php\/wp-json\/wp\/v2\/users\/1"}],"replies":[{"embeddable":true,"href":"https:\/\/aspttrouen-athletisme.fr\/index.php\/wp-json\/wp\/v2\/comments?post=518"}],"version-history":[{"count":9,"href":"https:\/\/aspttrouen-athletisme.fr\/index.php\/wp-json\/wp\/v2\/pages\/518\/revisions"}],"predecessor-version":[{"id":1295,"href":"https:\/\/aspttrouen-athletisme.fr\/index.php\/wp-json\/wp\/v2\/pages\/518\/revisions\/1295"}],"wp:attachment":[{"href":"https:\/\/aspttrouen-athletisme.fr\/index.php\/wp-json\/wp\/v2\/media?parent=518"}],"wp:term":[{"taxonomy":"folder","embeddable":true,"href":"https:\/\/aspttrouen-athletisme.fr\/index.php\/wp-json\/wp\/v2\/folder?post=518"}],"curies":[{"name":"wp","href":"https:\/\/api.w.org\/{rel}","templated":true}]}}